{"id":10,"date":"2020-12-02T16:17:46","date_gmt":"2020-12-02T16:17:46","guid":{"rendered":"https:\/\/www.vernonequipments.com\/?page_id=10"},"modified":"2026-04-14T13:40:36","modified_gmt":"2026-04-14T17:40:36","slug":"produits-et-services","status":"publish","type":"page","link":"https:\/\/www.vernonequipments.com\/fr\/produits-et-services\/","title":{"rendered":"Produits et services"},"content":{"rendered":"<section class=\"h1-container\">\n<div class=\"container\">\n<div class=\"row\">\n<div class=\"col-12 col-lg-9 col-xl-8 col-xxl-5 mx-auto mx-xl-0 text-center text-xl-left\">\n<div class=\"lc-block h1-div\">\n<div editable=\"rich\">\n<h1>D\u00e9couvrez nos produits et services et contactez-nous pour vos bennes basculantes ou camions neufs \u00e0 Gatineau, Ottawa ou ailleurs&nbsp;<\/h1>\n<\/p><\/div>\n<\/p><\/div>\n<p><!-- \/lc-block --><\/p>\n<div class=\"lc-block\">\n<div lc-helper=\"shortcode\" class=\"live-shortcode\"><a class=\"contact btn\" href=\"https:\/\/www.vernonequipments.com\/fr\/nous-joindre\/\" aria-label=\"R\u00e9servez nos services\">R\u00e9servez nos services<\/a><\/div>\n<\/p><\/div>\n<p><!-- \/lc-block -->\n\t\t\t<\/div>\n<p><!-- \/col --><\/p>\n<div class=\"col-lg-8 d-none\">\n<div class=\"lc-block\"><\/div>\n<p><!-- \/lc-block -->\n\t\t\t<\/div>\n<p><!-- \/col -->\n\t\t<\/div>\n<\/p><\/div>\n<\/section>\n<section class=\"main-content-container\">\n<div class=\"container\">\n<div class=\"row\">\n<div class=\"col-12 col-xl-7 text-center text-xl-left\">\n<div class=\"lc-block\">\n<div editable=\"rich\">\n<h2>Qu\u2019est-ce que nous offrons?<br \/><\/h2>\n<p>Vernon \u00c9quipements offre une vari\u00e9t\u00e9 de services connexes aux bennes basculantes, que ce soit au niveau du diagnostic, de la m\u00e9canique ou de l&rsquo;esth\u00e9tique de votre camion. Nous sommes d\u00e9positaire et chef de file dans l\u2019installation de bennes basculantes au Qu\u00e9bec et en Ontario et nous offrons la possibilit\u00e9 d\u2019acheter des bennes BEAU ROC et LANAU et les bennes d&rsquo;aluminium TREBOR.<\/p>\n<p>Situ\u00e9 en Outaouais. nous desservons la grande r\u00e9gion de Gatineau et Ottawa mais aussi de la Nouvelle-\u00c9cosse jusqu&rsquo;\u00e0 la Colombie-Britannique. Avec notre grand inventaire de bo\u00eetes et de camions, nous sommes en mesure de vous aider tr\u00e8s rapidement voire m\u00eame, sans d\u00e9lai.&nbsp;<\/p>\n<p>Pour certaines de ces r\u00e9gions, nous offrons un service cl\u00e9 en main de ramassage de camion \u00e0 vos bureaux et le retour sans tracas avec nos chauffeurs exp\u00e9riment\u00e9s.<\/p>\n<h4>Autres services :<\/h4>\n<ul>\n<li>Vente de benne basculante non install\u00e9e<\/li>\n<li>R\u00e9paration li\u00e9e aux bennes et ses composantes<\/li>\n<li>Installation de benne basculante sur camion <\/li>\n<li>Vente et installation de r\u00e9servoir \u00e0 eau pour citerne<\/li>\n<li>Vente et installation de coffre et d&rsquo;accessoires esth\u00e9tiques<\/li>\n<li>Service de m\u00e9canique et diagnostic<\/li>\n<li>Vente de pi\u00e8ces de camions lourds<\/li>\n<li>Service de peinture d&rsquo;\u00e9quipements lourds<\/li>\n<\/ul>\n<p>Pour plus d\u2019informations, nous vous invitons \u00e0 communiquer avec nous d\u00e8s aujourd\u2019hui !<\/p>\n<\/p><\/div>\n<\/p><\/div>\n<p><!-- \/lc-block --><\/p>\n<div class=\"lc-block\">\n<div lc-helper=\"shortcode\" class=\"live-shortcode\"><a class=\"white contact btn\" href=\"https:\/\/www.vernonequipments.com\/fr\/nous-joindre\/\" aria-label=\"Contactez-nous\">Contactez-nous<\/a><\/div>\n<\/p><\/div>\n<p><!-- \/lc-block -->\n\t\t\t<\/div>\n<p><!-- \/col --><\/p>\n<div class=\"col-12 col-xl-5\">\n<div class=\"les-logos d-flex align-items-center justify-content-center flex-wrap\">\n<div class=\"col-12 mb-4\">\n<div class=\"lc-block mt-4 mt-xl-0\">\n<div editable=\"rich\" class=\"text-center text-xl-left\">\n<h3>Liste de fournisseurs :<\/h3>\n<\/p><\/div>\n<\/p><\/div>\n<p><!-- \/lc-block -->\n\t\t\t\t\t<\/div>\n<div class=\"col-auto col-xl-6 col-auto mb-4\">\n<div class=\"lc-block\">\n\t\t\t\t\t\t\t<a href=\"http:\/\/www.lanau-industries.com\/fra\/\" rel=\"nofollow noopener\" target=\"_blank\"><br \/>\n\t\t\t\t\t\t\t\t<img decoding=\"async\" class=\"img-fluid\" src=\"https:\/\/www.vernonequipments.com\/wp-content\/uploads\/2020\/12\/lanau_industries_logo.jpg\" alt=\"\"><br \/>\n\t\t\t\t\t\t\t<\/a>\n\t\t\t\t\t\t<\/div>\n<p><!-- \/lc-block -->\n\t\t\t\t\t<\/div>\n<div class=\"col-auto col-xl-6 col-auto mb-4\">\n<div class=\"lc-block\">\n\t\t\t\t\t\t\t<a href=\"https:\/\/www.beauroc.com\/\" rel=\"nofollow noopener\" target=\"_blank\"><br \/>\n\t\t\t\t\t\t\t\t<img decoding=\"async\" class=\"img-fluid\" src=\"https:\/\/www.vernonequipments.com\/wp-content\/uploads\/2020\/12\/beauroc_logo.jpg\" alt=\"\"><br \/>\n\t\t\t\t\t\t\t<\/a>\n\t\t\t\t\t\t<\/div>\n<p><!-- \/lc-block -->\n\t\t\t\t\t<\/div>\n<div class=\"col-auto col-xl-6 col-auto mb-4\">\n<div class=\"lc-block\">\n\t\t\t\t\t\t\t<a href=\"https:\/\/www.fastenal.com\/\" rel=\"nofollow noopener\" target=\"_blank\"><br \/>\n\t\t\t\t\t\t\t\t<img decoding=\"async\" class=\"img-fluid\" src=\"https:\/\/www.vernonequipments.com\/wp-content\/uploads\/2020\/12\/fastenal_logo.jpg\" alt=\"\"><br \/>\n\t\t\t\t\t\t\t<\/a>\n\t\t\t\t\t\t<\/div>\n<p><!-- \/lc-block -->\n\t\t\t\t\t<\/div>\n<div class=\"col-auto col-xl-6 col-auto mb-4\">\n<div class=\"lc-block\">\n\t\t\t\t\t\t\t<a href=\"https:\/\/mastersourcinginc.com\/\" rel=\"nofollow noopener\" target=\"_blank\"><br \/>\n\t\t\t\t\t\t\t\t<img decoding=\"async\" class=\"img-fluid\" src=\"https:\/\/www.vernonequipments.com\/wp-content\/uploads\/2020\/12\/mastersourcing_logo.jpg\" alt=\"\"><br \/>\n\t\t\t\t\t\t\t<\/a>\n\t\t\t\t\t\t<\/div>\n<p><!-- \/lc-block -->\n\t\t\t\t\t<\/div>\n<div class=\"col-auto col-xl-6 col-auto mb-4\">\n<div class=\"lc-block\">\n\t\t\t\t\t\t\t<a href=\"https:\/\/www.cleral.com\/\" rel=\"nofollow noopener\" target=\"_blank\"><br \/>\n\t\t\t\t\t\t\t\t<img decoding=\"async\" class=\"img-fluid\" src=\"https:\/\/www.vernonequipments.com\/wp-content\/uploads\/2020\/12\/cleral_logo.jpg\" alt=\"\"><br \/>\n\t\t\t\t\t\t\t<\/a>\n\t\t\t\t\t\t<\/div>\n<p><!-- \/lc-block -->\n\t\t\t\t\t<\/div>\n<\/p><\/div>\n<\/p><\/div>\n<p><!-- \/col -->\n\t\t<\/div>\n<\/p><\/div>\n<\/section>\n<section class=\"\">\n<div lc-helper=\"shortcode\" class=\"live-shortcode\"><section class=\"main-services-container\">\n      <div class=\"container\">\n        <div class=\"row align-items-center\">\n          <div class=\"col-12 col-xl-6\">\n            <div class=\"services-camion-div text-center\">\n              <div>\n                <div>\n                  <h3>Nos services<\/h3>\n                  <p>Apprenez-en davantage sur <br>nos produits et nos services<\/p>\n                <\/div>\n              <\/div>\n              <div>\n                <div class=\"live-shortcode\"><a class=\"white contact btn\" href=\"https:\/\/www.vernonequipments.com\/fr\/nous-joindre\/\" aria-label=\"En savoir plus\">En savoir plus<\/a><\/div>\n              <\/div>\n            <\/div>\n          <\/div>\n          <div class=\"col-12 col-xl-6\">\n            <div>\n              <div>\n                <ul>\n                  <li>Ventes de bennes basculantes non-install\u00e9es<\/li>\n                  <li>R\u00e9paration li\u00e9e aux bennes et ses composantes<\/li>\n                  <li>Installation de bennes basculantes sur camion neuf et usag\u00e9<\/li>\n                  <li>Vente de camion neuf de toutes marques<\/li>\n                  <li>Installation de r\u00e9servoir \u00e0 eau pour citerne<\/li>\n                  <li>Service de diagnostic et de r\u00e9parations sur camions lourds<\/li>\n                  <li>Vente de pi\u00e8ces et d\u2019accessoires esth\u00e9tiques de camions lourds<\/li>\n                  <li>Service de polissage de roue et d\u2019aluminium<\/li>\n                  <li>Service de peinture d\u2019\u00e9quipements lourds<\/li>\n\n                <\/ul>\n              <\/div>\n            <\/div>\n          <\/div>\n        <\/div>\n      <\/div>\n    <\/section><\/div>\n<\/section>\n","protected":false},"excerpt":{"rendered":"<p>D\u00e9couvrez nos produits et services et contactez-nous pour vos bennes basculantes ou camions neufs \u00e0 Gatineau, Ottawa ou ailleurs&nbsp; Qu\u2019est-ce que nous offrons? Vernon \u00c9quipements offre une vari\u00e9t\u00e9 de services connexes aux bennes basculantes, que ce soit au niveau du diagnostic, de la m\u00e9canique ou de l&rsquo;esth\u00e9tique de votre camion. Nous sommes d\u00e9positaire et chef [&hellip;]<\/p>\n","protected":false},"author":1,"featured_media":0,"parent":0,"menu_order":0,"comment_status":"closed","ping_status":"closed","template":"","meta":{"_acf_changed":false,"footnotes":""},"class_list":["post-10","page","type-page","status-publish","hentry"],"acf":[],"_links":{"self":[{"href":"https:\/\/www.vernonequipments.com\/fr\/wp-json\/wp\/v2\/pages\/10","targetHints":{"allow":["GET"]}}],"collection":[{"href":"https:\/\/www.vernonequipments.com\/fr\/wp-json\/wp\/v2\/pages"}],"about":[{"href":"https:\/\/www.vernonequipments.com\/fr\/wp-json\/wp\/v2\/types\/page"}],"author":[{"embeddable":true,"href":"https:\/\/www.vernonequipments.com\/fr\/wp-json\/wp\/v2\/users\/1"}],"replies":[{"embeddable":true,"href":"https:\/\/www.vernonequipments.com\/fr\/wp-json\/wp\/v2\/comments?post=10"}],"version-history":[{"count":0,"href":"https:\/\/www.vernonequipments.com\/fr\/wp-json\/wp\/v2\/pages\/10\/revisions"}],"wp:attachment":[{"href":"https:\/\/www.vernonequipments.com\/fr\/wp-json\/wp\/v2\/media?parent=10"}],"curies":[{"name":"wp","href":"https:\/\/api.w.org\/{rel}","templated":true}]}}