{"id":2,"date":"2020-12-02T16:03:45","date_gmt":"2020-12-02T16:03:45","guid":{"rendered":"https:\/\/www.vernonequipments.com\/?page_id=2"},"modified":"2025-02-19T14:31:37","modified_gmt":"2025-02-19T19:31:37","slug":"page-d-exemple","status":"publish","type":"page","link":"https:\/\/www.vernonequipments.com\/fr\/","title":{"rendered":"Page d\u2019accueil"},"content":{"rendered":"<section class=\"h1-container\">\n<div class=\"container\">\n<div class=\"row\">\n<div class=\"col-12 col-lg-8 col-xl-7 col-xxl-5 mx-auto mx-xl-0 text-center text-xl-left\">\n<div class=\"lc-block h1-div\">\n<div editable=\"rich\">\n<h1>Nous sommes chef de file dans la vente et l\u2019installation de bennes basculantes<\/h1>\n<h2>Ottawa &amp; Gatineau &amp; CANADA<\/h2>\n<\/p><\/div>\n<\/p><\/div>\n<p><!-- \/lc-block --><\/p>\n<div class=\"lc-block\">\n<div lc-helper=\"shortcode\" class=\"live-shortcode\"><a class=\"contact btn\" href=\"https:\/\/www.vernonequipments.com\/fr\/nous-joindre\/\" aria-label=\"R\u00e9servez nos services\">R\u00e9servez nos services<\/a><\/div>\n<\/p><\/div>\n<p><!-- \/lc-block -->\n\t\t\t<\/div>\n<p><!-- \/col --><\/p>\n<div class=\"col-lg-8 d-none\">\n<div class=\"lc-block\"><\/div>\n<p><!-- \/lc-block -->\n\t\t\t<\/div>\n<p><!-- \/col -->\n\t\t<\/div>\n<\/p><\/div>\n<\/section>\n<section class=\"main-content-container\">\n<div class=\"container\">\n<div class=\"row\">\n<div class=\"col-12 col-xl-6 col-xxl-5 text-center text-xl-left\">\n<div class=\"lc-block\">\n<div editable=\"rich\">\n<h2 class=\"h4\">Contactez-nous pour tous vos besoins en installation et r\u00e9paration de bennes basculantes dans la r\u00e9gion de l\u2019Outaouais et ailleurs.<br \/><\/h2>\n<p>Vernon \u00c9quipements est votre alli\u00e9 pour tous vos besoins relatifs \u00e0 l&rsquo;installation d&rsquo;\u00e9quipements lourds sur vos camions et l&rsquo;achat de camion neuf.&nbsp;<\/p>\n<p>Vernon \u00c9quipements est n\u00e9e \u00e0 la suite d&rsquo;une expertise de plus de 35 ans accumul\u00e9s dans le domaine du transport lourd. En effet, nous avons d\u00e9velopp\u00e9 une expertise incomparable qui nous a permis de nous positionner comme leaders dans le domaine de l&rsquo;installation et d\u2019offrir un service \u00e0 la client\u00e8le incomparable et de haute qualit\u00e9. Chez nous, vous pourrez b\u00e9n\u00e9ficier du respect des \u00e9ch\u00e9anciers et de travaux effectu\u00e9s avec minutie, car la satisfaction de la client\u00e8le reste au c\u0153ur de la mission de la compagnie.<\/p>\n<p>Vous avez des questions? Quelques soient vos besoins li\u00e9s \u00e0 l&rsquo;achat de votre prochain camion neuf, aux bennes basculantes, aux camions citernes, notre \u00e9quipe est l\u00e0 pour y r\u00e9pondre. Faites affaire avec nous d\u00e8s maintenant.<\/p>\n<\/p><\/div>\n<\/p><\/div>\n<p><!-- \/lc-block --><\/p>\n<div class=\"lc-block\">\n<div lc-helper=\"shortcode\" class=\"live-shortcode\"><a class=\"white contact btn\" href=\"https:\/\/www.vernonequipments.com\/fr\/nous-joindre\/\" aria-label=\"Contactez-nous\">Contactez-nous<\/a><\/div>\n<\/p><\/div>\n<p><!-- \/lc-block -->\n\t\t\t<\/div>\n<p><!-- \/col --><\/p>\n<div class=\"col-12 col-xl-6 col-xxl-7 d-none d-xl-block\">\n<div class=\"lc-block camion-div\">\n\t\t\t\t\t<img decoding=\"async\" class=\"img-fluid\" src=\"https:\/\/www.vernonequipments.com\/wp-content\/uploads\/2021\/05\/camion.webp\" alt=\"\">\n\t\t\t\t<\/div>\n<p><!-- \/lc-block -->\n\t\t\t<\/div>\n<p><!-- \/col -->\n\t\t<\/div>\n<\/p><\/div>\n<\/section>\n<section class=\"\">\n<div lc-helper=\"shortcode\" class=\"live-shortcode\"><section class=\"main-services-container\">\n      <div class=\"container\">\n        <div class=\"row align-items-center\">\n          <div class=\"col-12 col-xl-6\">\n            <div class=\"services-camion-div text-center\">\n              <div>\n                <div>\n                  <h3>Nos services<\/h3>\n                  <p>Apprenez-en davantage sur <br>nos produits et nos services<\/p>\n                <\/div>\n              <\/div>\n              <div>\n                <div class=\"live-shortcode\"><a class=\"white contact btn\" href=\"https:\/\/www.vernonequipments.com\/fr\/nous-joindre\/\" aria-label=\"En savoir plus\">En savoir plus<\/a><\/div>\n              <\/div>\n            <\/div>\n          <\/div>\n          <div class=\"col-12 col-xl-6\">\n            <div>\n              <div>\n                <ul>\n                  <li>Ventes de bennes basculantes non-install\u00e9es<\/li>\n                  <li>R\u00e9paration li\u00e9e aux bennes et ses composantes<\/li>\n                  <li>Installation de bennes basculantes sur camion neuf et usag\u00e9<\/li>\n                  <li>Vente de camion neuf de toutes marques<\/li>\n                  <li>Installation de r\u00e9servoir \u00e0 eau pour citerne<\/li>\n                  <li>Service de diagnostic et de r\u00e9parations sur camions lourds<\/li>\n                  <li>Vente de pi\u00e8ces et d\u2019accessoires esth\u00e9tiques de camions lourds<\/li>\n                  <li>Service de polissage de roue et d\u2019aluminium<\/li>\n                  <li>Service de peinture d\u2019\u00e9quipements lourds<\/li>\n\n                <\/ul>\n              <\/div>\n            <\/div>\n          <\/div>\n        <\/div>\n      <\/div>\n    <\/section><\/div>\n<\/section>\n","protected":false},"excerpt":{"rendered":"<p>Nous sommes chef de file dans la vente et l\u2019installation de bennes basculantes Ottawa &amp; Gatineau &amp; CANADA Contactez-nous pour tous vos besoins en installation et r\u00e9paration de bennes basculantes dans la r\u00e9gion de l\u2019Outaouais et ailleurs. Vernon \u00c9quipements est votre alli\u00e9 pour tous vos besoins relatifs \u00e0 l&rsquo;installation d&rsquo;\u00e9quipements lourds sur vos camions et [&hellip;]<\/p>\n","protected":false},"author":1,"featured_media":0,"parent":0,"menu_order":0,"comment_status":"closed","ping_status":"open","template":"","meta":{"_acf_changed":false,"footnotes":""},"class_list":["post-2","page","type-page","status-publish","hentry"],"acf":[],"_links":{"self":[{"href":"https:\/\/www.vernonequipments.com\/fr\/wp-json\/wp\/v2\/pages\/2","targetHints":{"allow":["GET"]}}],"collection":[{"href":"https:\/\/www.vernonequipments.com\/fr\/wp-json\/wp\/v2\/pages"}],"about":[{"href":"https:\/\/www.vernonequipments.com\/fr\/wp-json\/wp\/v2\/types\/page"}],"author":[{"embeddable":true,"href":"https:\/\/www.vernonequipments.com\/fr\/wp-json\/wp\/v2\/users\/1"}],"replies":[{"embeddable":true,"href":"https:\/\/www.vernonequipments.com\/fr\/wp-json\/wp\/v2\/comments?post=2"}],"version-history":[{"count":0,"href":"https:\/\/www.vernonequipments.com\/fr\/wp-json\/wp\/v2\/pages\/2\/revisions"}],"wp:attachment":[{"href":"https:\/\/www.vernonequipments.com\/fr\/wp-json\/wp\/v2\/media?parent=2"}],"curies":[{"name":"wp","href":"https:\/\/api.w.org\/{rel}","templated":true}]}}