{"id":8,"date":"2020-12-02T16:15:59","date_gmt":"2020-12-02T16:15:59","guid":{"rendered":"https:\/\/www.vernonequipments.com\/?page_id=8"},"modified":"2025-02-19T14:28:32","modified_gmt":"2025-02-19T19:28:32","slug":"a-propos","status":"publish","type":"page","link":"https:\/\/www.vernonequipments.com\/fr\/a-propos\/","title":{"rendered":"\u00c0 propos"},"content":{"rendered":"<section class=\"h1-container\">\n<div class=\"container\">\n<div class=\"row\">\n<div class=\"col-12 col-lg-9 col-xl-8 col-xxl-5 mx-auto mx-xl-0 text-center text-xl-left\">\n<div class=\"lc-block h1-div\">\n<div editable=\"rich\">\n<h1>Faites confiance \u00e0 Vernon \u00c9quipements que vous soyez \u00e0 Gatineau, Ottawa ou ailleurs!<\/h1>\n<\/p><\/div>\n<\/p><\/div>\n<p><!-- \/lc-block --><\/p>\n<div class=\"lc-block\">\n<div lc-helper=\"shortcode\" class=\"live-shortcode\"><a class=\"contact btn\" href=\"https:\/\/www.vernonequipments.com\/fr\/nous-joindre\/\" aria-label=\"R\u00e9servez nos services\">R\u00e9servez nos services<\/a><\/div>\n<\/p><\/div>\n<p><!-- \/lc-block -->\n\t\t\t<\/div>\n<p><!-- \/col --><\/p>\n<div class=\"col-lg-8 d-none\">\n<div class=\"lc-block\"><\/div>\n<p><!-- \/lc-block -->\n\t\t\t<\/div>\n<p><!-- \/col -->\n\t\t<\/div>\n<\/p><\/div>\n<\/section>\n<section class=\"main-content-container\">\n<div class=\"container\">\n<div class=\"row\">\n<div class=\"col-12 col-xl-6 col-xxl-5 text-center text-xl-left\">\n<div class=\"lc-block\">\n<div editable=\"rich\">\n<h2>Qui sommes-nous?<br \/><\/h2>\n<p>Vernon \u00c9quipements, votre compagnie de confiance pr\u00e8s de chez vous! Nous nous sp\u00e9cialisons dans la vente de camions neufs, installation d&rsquo;\u00e9quipements tels que benne basculante, r\u00e9servoir d&rsquo;eau pour citerne, plateforme et offrons des services hors pairs pour r\u00e9pondre aux besoins de notre client\u00e8le.<\/p>\n<p>\t\t\t\t\t\tNos services vont au-del\u00e0 de l\u2019Outaouais! Nous desservons la totalit\u00e9 du Canada. Pour certaines de ces r\u00e9gions, nous offrons m\u00eame un service cl\u00e9 en main de ramassage de camion \u00e0 vos bureaux et le retour sans tracas apr\u00e8s installation avec nos chauffeurs exp\u00e9riment\u00e9s, dans le but de r\u00e9pondre \u00e0 la demande de chacun de nos clients.&nbsp;<\/p>\n<p>Notre excellent service \u00e0 la client\u00e8le, le court d\u00e9lai pour l\u2019installation et mettre nos clients en priorit\u00e9 est ce qui nous distingue dans le domaine.&nbsp;<\/p>\n<p>Faites affaire avec nous d\u00e8s aujourd\u2019hui !<\/p>\n<\/p><\/div>\n<\/p><\/div>\n<p><!-- \/lc-block --><\/p>\n<div class=\"lc-block\">\n<div lc-helper=\"shortcode\" class=\"live-shortcode\"><a class=\"white contact btn\" href=\"https:\/\/www.vernonequipments.com\/fr\/nous-joindre\/\" aria-label=\"Contactez-nous\">Contactez-nous<\/a><\/div>\n<\/p><\/div>\n<p><!-- \/lc-block -->\n\t\t\t<\/div>\n<p><!-- \/col --><\/p>\n<div class=\"col-12 col-xl-6 col-xxl-7 d-none d-xl-block\">\n<div class=\"lc-block\">\n\t\t\t\t\t<img decoding=\"async\" class=\"img-fluid\" src=\"https:\/\/www.vernonequipments.com\/wp-content\/uploads\/2020\/12\/a-propos-img2.jpg\" alt=\"\">\n\t\t\t\t<\/div>\n<p><!-- \/lc-block -->\n\t\t\t<\/div>\n<p><!-- \/col -->\n\t\t<\/div>\n<\/p><\/div>\n<\/section>\n<section class=\"\">\n<div lc-helper=\"shortcode\" class=\"live-shortcode\"><section class=\"main-services-container\">\n      <div class=\"container\">\n        <div class=\"row align-items-center\">\n          <div class=\"col-12 col-xl-6\">\n            <div class=\"services-camion-div text-center\">\n              <div>\n                <div>\n                  <h3>Nos services<\/h3>\n                  <p>Apprenez-en davantage sur <br>nos produits et nos services<\/p>\n                <\/div>\n              <\/div>\n              <div>\n                <div class=\"live-shortcode\"><a class=\"white contact btn\" href=\"https:\/\/www.vernonequipments.com\/fr\/nous-joindre\/\" aria-label=\"En savoir plus\">En savoir plus<\/a><\/div>\n              <\/div>\n            <\/div>\n          <\/div>\n          <div class=\"col-12 col-xl-6\">\n            <div>\n              <div>\n                <ul>\n                  <li>Ventes de bennes basculantes non-install\u00e9es<\/li>\n                  <li>R\u00e9paration li\u00e9e aux bennes et ses composantes<\/li>\n                  <li>Installation de bennes basculantes sur camion neuf et usag\u00e9<\/li>\n                  <li>Vente de camion neuf de toutes marques<\/li>\n                  <li>Installation de r\u00e9servoir \u00e0 eau pour citerne<\/li>\n                  <li>Service de diagnostic et de r\u00e9parations sur camions lourds<\/li>\n                  <li>Vente de pi\u00e8ces et d\u2019accessoires esth\u00e9tiques de camions lourds<\/li>\n                  <li>Service de polissage de roue et d\u2019aluminium<\/li>\n                  <li>Service de peinture d\u2019\u00e9quipements lourds<\/li>\n\n                <\/ul>\n              <\/div>\n            <\/div>\n          <\/div>\n        <\/div>\n      <\/div>\n    <\/section><\/div>\n<\/section>\n","protected":false},"excerpt":{"rendered":"<p>Faites confiance \u00e0 Vernon \u00c9quipements que vous soyez \u00e0 Gatineau, Ottawa ou ailleurs! Qui sommes-nous? Vernon \u00c9quipements, votre compagnie de confiance pr\u00e8s de chez vous! Nous nous sp\u00e9cialisons dans la vente de camions neufs, installation d&rsquo;\u00e9quipements tels que benne basculante, r\u00e9servoir d&rsquo;eau pour citerne, plateforme et offrons des services hors pairs pour r\u00e9pondre aux besoins [&hellip;]<\/p>\n","protected":false},"author":1,"featured_media":0,"parent":0,"menu_order":0,"comment_status":"closed","ping_status":"closed","template":"","meta":{"_acf_changed":false,"footnotes":""},"class_list":["post-8","page","type-page","status-publish","hentry"],"acf":[],"_links":{"self":[{"href":"https:\/\/www.vernonequipments.com\/fr\/wp-json\/wp\/v2\/pages\/8","targetHints":{"allow":["GET"]}}],"collection":[{"href":"https:\/\/www.vernonequipments.com\/fr\/wp-json\/wp\/v2\/pages"}],"about":[{"href":"https:\/\/www.vernonequipments.com\/fr\/wp-json\/wp\/v2\/types\/page"}],"author":[{"embeddable":true,"href":"https:\/\/www.vernonequipments.com\/fr\/wp-json\/wp\/v2\/users\/1"}],"replies":[{"embeddable":true,"href":"https:\/\/www.vernonequipments.com\/fr\/wp-json\/wp\/v2\/comments?post=8"}],"version-history":[{"count":0,"href":"https:\/\/www.vernonequipments.com\/fr\/wp-json\/wp\/v2\/pages\/8\/revisions"}],"wp:attachment":[{"href":"https:\/\/www.vernonequipments.com\/fr\/wp-json\/wp\/v2\/media?parent=8"}],"curies":[{"name":"wp","href":"https:\/\/api.w.org\/{rel}","templated":true}]}}