{"id":2083,"date":"2022-03-07T10:19:36","date_gmt":"2022-03-07T15:19:36","guid":{"rendered":"https:\/\/www.vernonequipments.com\/cylindre-master-50t\/"},"modified":"2022-04-07T11:43:28","modified_gmt":"2022-04-07T15:43:28","slug":"cylindre-master-50t","status":"publish","type":"product","link":"https:\/\/www.vernonequipments.com\/fr\/produit\/cylindre-master-50t\/","title":{"rendered":"Cylindre Master 50T"},"content":{"rendered":"<p>Cylindre de benne pour camions lourd et super lourd : Joints d&rsquo;\u00e9tanch\u00e9it\u00e9 haute performance    -40 F \u00e0 + 230 F, traitement de surface 0002.5 d&rsquo;\u00e9lectrod\u00e9position au nickel de chrome pour une plus grande durabilit\u00e9 des joints d&rsquo;\u00e9tanch\u00e9it\u00e9 ainsi qu&rsquo;une plus grande resistance des rainures, Tremp\u00e9es HRC de 19 \u00e0 22, Chrom\u00e9es HRC de 75 \u00e0 85, Bague anti-usure autolubrifiante, essuis-tige en ur\u00e9thane, double joint d&rsquo;\u00e9tanch\u00e9it\u00e9 U-CUP.             TUBES: sans soudure \u00e9tir\u00e9s \u00e0 froid &#038; Hon\u00e9.                         LONGUEUR DE BENNE: 20&prime; \u00e0 21&rsquo;8&Prime;<\/p>\n","protected":false},"excerpt":{"rendered":"<p>Cylindre de benne pour camions lourd et super lourd : Joints d&rsquo;\u00e9tanch\u00e9it\u00e9 haute performance -40 F \u00e0 + 230 F, traitement de surface 0002.5 d&rsquo;\u00e9lectrod\u00e9position au nickel de chrome pour une plus grande durabilit\u00e9 des joints d&rsquo;\u00e9tanch\u00e9it\u00e9 ainsi qu&rsquo;une plus grande resistance des rainures, Tremp\u00e9es HRC de 19 \u00e0 22, Chrom\u00e9es HRC de 75 \u00e0 [&hellip;]<\/p>\n","protected":false},"featured_media":2035,"template":"","meta":{"_acf_changed":false},"product_brand":[],"product_cat":[218],"product_tag":[],"class_list":{"0":"post-2083","1":"product","2":"type-product","3":"status-publish","4":"has-post-thumbnail","6":"product_cat-accessoires-hydrauliques","8":"first","9":"instock","10":"taxable","11":"shipping-taxable","12":"purchasable","13":"product-type-simple"},"acf":[],"_links":{"self":[{"href":"https:\/\/www.vernonequipments.com\/fr\/wp-json\/wp\/v2\/product\/2083","targetHints":{"allow":["GET"]}}],"collection":[{"href":"https:\/\/www.vernonequipments.com\/fr\/wp-json\/wp\/v2\/product"}],"about":[{"href":"https:\/\/www.vernonequipments.com\/fr\/wp-json\/wp\/v2\/types\/product"}],"wp:featuredmedia":[{"embeddable":true,"href":"https:\/\/www.vernonequipments.com\/fr\/wp-json\/wp\/v2\/media\/2035"}],"wp:attachment":[{"href":"https:\/\/www.vernonequipments.com\/fr\/wp-json\/wp\/v2\/media?parent=2083"}],"wp:term":[{"taxonomy":"product_brand","embeddable":true,"href":"https:\/\/www.vernonequipments.com\/fr\/wp-json\/wp\/v2\/product_brand?post=2083"},{"taxonomy":"product_cat","embeddable":true,"href":"https:\/\/www.vernonequipments.com\/fr\/wp-json\/wp\/v2\/product_cat?post=2083"},{"taxonomy":"product_tag","embeddable":true,"href":"https:\/\/www.vernonequipments.com\/fr\/wp-json\/wp\/v2\/product_tag?post=2083"}],"curies":[{"name":"wp","href":"https:\/\/api.w.org\/{rel}","templated":true}]}}