{"id":2085,"date":"2022-03-07T10:19:38","date_gmt":"2022-03-07T15:19:38","guid":{"rendered":"https:\/\/www.vernonequipments.com\/lanau-penture-de-benne-35t-45t\/"},"modified":"2022-04-07T11:47:11","modified_gmt":"2022-04-07T15:47:11","slug":"lanau-penture-de-benne-35t-45t","status":"publish","type":"product","link":"https:\/\/www.vernonequipments.com\/fr\/produit\/lanau-penture-de-benne-35t-45t\/","title":{"rendered":"Lanau Penture de benne 35T-45T"},"content":{"rendered":"<p>Penture pour benne basculante: Parfaite pour benne de 15&prime; jusqu&rsquo;\u00e0 19&rsquo;8&Prime;. Extr\u00eamement solide et r\u00e9sistante au chocs. Charni\u00e8re fix standard 1&Prime;1\/2 X 4&Prime; de long avec boulon d&rsquo;ajustement, pivot standard de 3&Prime; X 7&Prime;7\/8 et gond de charni\u00e8re (&nbsp;peuvent \u00eatre vendu s\u00e9par\u00e9ment&nbsp;).<\/p>\n","protected":false},"excerpt":{"rendered":"<p>Penture pour benne basculante: Parfaite pour benne de 15&prime; jusqu&rsquo;\u00e0 19&rsquo;8&Prime;. Extr\u00eamement solide et r\u00e9sistante au chocs. Charni\u00e8re fix standard 1&Prime;1\/2 X 4&Prime; de long avec boulon d&rsquo;ajustement, pivot standard de 3&Prime; X 7&Prime;7\/8 et gond de charni\u00e8re (&nbsp;peuvent \u00eatre vendu s\u00e9par\u00e9ment&nbsp;).<\/p>\n","protected":false},"featured_media":926,"template":"","meta":{"_acf_changed":false},"product_brand":[],"product_cat":[163],"product_tag":[],"class_list":{"0":"post-2085","1":"product","2":"type-product","3":"status-publish","4":"has-post-thumbnail","6":"product_cat-pentures-et-bases-de-cylindre","8":"first","9":"instock","10":"taxable","11":"shipping-taxable","12":"purchasable","13":"product-type-simple"},"acf":[],"_links":{"self":[{"href":"https:\/\/www.vernonequipments.com\/fr\/wp-json\/wp\/v2\/product\/2085","targetHints":{"allow":["GET"]}}],"collection":[{"href":"https:\/\/www.vernonequipments.com\/fr\/wp-json\/wp\/v2\/product"}],"about":[{"href":"https:\/\/www.vernonequipments.com\/fr\/wp-json\/wp\/v2\/types\/product"}],"wp:featuredmedia":[{"embeddable":true,"href":"https:\/\/www.vernonequipments.com\/fr\/wp-json\/wp\/v2\/media\/926"}],"wp:attachment":[{"href":"https:\/\/www.vernonequipments.com\/fr\/wp-json\/wp\/v2\/media?parent=2085"}],"wp:term":[{"taxonomy":"product_brand","embeddable":true,"href":"https:\/\/www.vernonequipments.com\/fr\/wp-json\/wp\/v2\/product_brand?post=2085"},{"taxonomy":"product_cat","embeddable":true,"href":"https:\/\/www.vernonequipments.com\/fr\/wp-json\/wp\/v2\/product_cat?post=2085"},{"taxonomy":"product_tag","embeddable":true,"href":"https:\/\/www.vernonequipments.com\/fr\/wp-json\/wp\/v2\/product_tag?post=2085"}],"curies":[{"name":"wp","href":"https:\/\/api.w.org\/{rel}","templated":true}]}}