{"id":2091,"date":"2022-03-07T10:19:45","date_gmt":"2022-03-07T15:19:45","guid":{"rendered":"https:\/\/www.vernonequipments.com\/beau-roc-penture-de-benne-50t\/"},"modified":"2022-04-07T11:42:51","modified_gmt":"2022-04-07T15:42:51","slug":"beau-roc-penture-de-benne-50t","status":"publish","type":"product","link":"https:\/\/www.vernonequipments.com\/fr\/produit\/beau-roc-penture-de-benne-50t\/","title":{"rendered":"Beau-Roc Penture de benne 50T"},"content":{"rendered":"<p>Penture pour benne basculante: Parfaite pour benne de 20&prime; et plus. Extr\u00eamement solide et r\u00e9sistante au chocs. Charni\u00e8re fix standard 1&Prime;1\/2 X 4&Prime; de long avec boulon d&rsquo;ajustement, pivot standard de 4&Prime; X 9&Prime; 3\/4 et gond de charni\u00e8re        (peuvent \u00eatre vendu s\u00e9par\u00e9ment).<\/p>\n","protected":false},"excerpt":{"rendered":"<p>Penture pour benne basculante: Parfaite pour benne de 20&prime; et plus. Extr\u00eamement solide et r\u00e9sistante au chocs. Charni\u00e8re fix standard 1&Prime;1\/2 X 4&Prime; de long avec boulon d&rsquo;ajustement, pivot standard de 4&Prime; X 9&Prime; 3\/4 et gond de charni\u00e8re (peuvent \u00eatre vendu s\u00e9par\u00e9ment).<\/p>\n","protected":false},"featured_media":926,"template":"","meta":{"_acf_changed":false},"product_brand":[],"product_cat":[163],"product_tag":[],"class_list":{"0":"post-2091","1":"product","2":"type-product","3":"status-publish","4":"has-post-thumbnail","6":"product_cat-pentures-et-bases-de-cylindre","8":"first","9":"instock","10":"taxable","11":"shipping-taxable","12":"purchasable","13":"product-type-simple"},"acf":[],"_links":{"self":[{"href":"https:\/\/www.vernonequipments.com\/fr\/wp-json\/wp\/v2\/product\/2091","targetHints":{"allow":["GET"]}}],"collection":[{"href":"https:\/\/www.vernonequipments.com\/fr\/wp-json\/wp\/v2\/product"}],"about":[{"href":"https:\/\/www.vernonequipments.com\/fr\/wp-json\/wp\/v2\/types\/product"}],"wp:featuredmedia":[{"embeddable":true,"href":"https:\/\/www.vernonequipments.com\/fr\/wp-json\/wp\/v2\/media\/926"}],"wp:attachment":[{"href":"https:\/\/www.vernonequipments.com\/fr\/wp-json\/wp\/v2\/media?parent=2091"}],"wp:term":[{"taxonomy":"product_brand","embeddable":true,"href":"https:\/\/www.vernonequipments.com\/fr\/wp-json\/wp\/v2\/product_brand?post=2091"},{"taxonomy":"product_cat","embeddable":true,"href":"https:\/\/www.vernonequipments.com\/fr\/wp-json\/wp\/v2\/product_cat?post=2091"},{"taxonomy":"product_tag","embeddable":true,"href":"https:\/\/www.vernonequipments.com\/fr\/wp-json\/wp\/v2\/product_tag?post=2091"}],"curies":[{"name":"wp","href":"https:\/\/api.w.org\/{rel}","templated":true}]}}