{"id":2103,"date":"2022-03-07T10:19:58","date_gmt":"2022-03-07T15:19:58","guid":{"rendered":"https:\/\/www.vernonequipments.com\/master-reservoir-hydraulique-aluminium-25-gl\/"},"modified":"2022-04-07T11:47:43","modified_gmt":"2022-04-07T15:47:43","slug":"master-reservoir-hydraulique-aluminium-25-gl","status":"publish","type":"product","link":"https:\/\/www.vernonequipments.com\/fr\/produit\/master-reservoir-hydraulique-aluminium-25-gl\/","title":{"rendered":"Master R\u00e9servoir hydraulique aluminium 25 GL"},"content":{"rendered":"<p>Corps en aluminium 2,5 mm, couvercle lat\u00e9ral 2 mm, support en acier 5 mm, DC01 qualit\u00e9 ST-37 6 mm, Un bouchon de ventilation de 40 microns avec panier<\/p>\n<p>Filtre. L\u2019ensemble de montage inclut deux supports<\/p>\n<p>En acier, moulage en \u201cJ\u201d, peinture \u00e9lectro noire, avec<\/p>\n<p>Protecteur en caoutchouc ainsi que bretelles extra<\/p>\n<p>Robustes chrom\u00e9es en acier inoxydable.<\/p>\n","protected":false},"excerpt":{"rendered":"<p>Corps en aluminium 2,5 mm, couvercle lat\u00e9ral 2 mm, support en acier 5 mm, DC01 qualit\u00e9 ST-37 6 mm, Un bouchon de ventilation de 40 microns avec panier Filtre. L\u2019ensemble de montage inclut deux supports En acier, moulage en \u201cJ\u201d, peinture \u00e9lectro noire, avec Protecteur en caoutchouc ainsi que bretelles extra Robustes chrom\u00e9es en acier [&hellip;]<\/p>\n","protected":false},"featured_media":2039,"template":"","meta":{"_acf_changed":false},"product_brand":[],"product_cat":[218],"product_tag":[],"class_list":{"0":"post-2103","1":"product","2":"type-product","3":"status-publish","4":"has-post-thumbnail","6":"product_cat-accessoires-hydrauliques","8":"first","9":"instock","10":"taxable","11":"shipping-taxable","12":"purchasable","13":"product-type-simple"},"acf":[],"_links":{"self":[{"href":"https:\/\/www.vernonequipments.com\/fr\/wp-json\/wp\/v2\/product\/2103","targetHints":{"allow":["GET"]}}],"collection":[{"href":"https:\/\/www.vernonequipments.com\/fr\/wp-json\/wp\/v2\/product"}],"about":[{"href":"https:\/\/www.vernonequipments.com\/fr\/wp-json\/wp\/v2\/types\/product"}],"wp:featuredmedia":[{"embeddable":true,"href":"https:\/\/www.vernonequipments.com\/fr\/wp-json\/wp\/v2\/media\/2039"}],"wp:attachment":[{"href":"https:\/\/www.vernonequipments.com\/fr\/wp-json\/wp\/v2\/media?parent=2103"}],"wp:term":[{"taxonomy":"product_brand","embeddable":true,"href":"https:\/\/www.vernonequipments.com\/fr\/wp-json\/wp\/v2\/product_brand?post=2103"},{"taxonomy":"product_cat","embeddable":true,"href":"https:\/\/www.vernonequipments.com\/fr\/wp-json\/wp\/v2\/product_cat?post=2103"},{"taxonomy":"product_tag","embeddable":true,"href":"https:\/\/www.vernonequipments.com\/fr\/wp-json\/wp\/v2\/product_tag?post=2103"}],"curies":[{"name":"wp","href":"https:\/\/api.w.org\/{rel}","templated":true}]}}