{"id":2113,"date":"2022-03-07T10:20:09","date_gmt":"2022-03-07T15:20:09","guid":{"rendered":"https:\/\/www.vernonequipments.com\/master-pompe-hydraulique-transmission-automatique\/"},"modified":"2022-04-07T11:47:43","modified_gmt":"2022-04-07T15:47:43","slug":"master-pompe-hydraulique-transmission-automatique","status":"publish","type":"product","link":"https:\/\/www.vernonequipments.com\/fr\/produit\/master-pompe-hydraulique-transmission-automatique\/","title":{"rendered":"Master Pompe hydraulique transmission automatique"},"content":{"rendered":"<p>Pompe\/moteurs bi-rotatifs, pour s&rsquo;adapter \u00e0 une grande vari\u00e9t\u00e9 d&rsquo;applications, SAE standard \u00ab\u00a0B\u00a0\u00bb, 2\/4 boulons, construction en fonte goujonn\u00e9e et haute r\u00e9sistance, ensembles d&rsquo;engrenages et d&rsquo;arbres en acier alli\u00e9 \u00e0 haute r\u00e9sistance, avec roulement d&rsquo;arbre ext\u00e9rieur, pression de service max de 2500 \u00e0 3000 PS<\/p>\n","protected":false},"excerpt":{"rendered":"<p>Pompe\/moteurs bi-rotatifs, pour s&rsquo;adapter \u00e0 une grande vari\u00e9t\u00e9 d&rsquo;applications, SAE standard \u00ab\u00a0B\u00a0\u00bb, 2\/4 boulons, construction en fonte goujonn\u00e9e et haute r\u00e9sistance, ensembles d&rsquo;engrenages et d&rsquo;arbres en acier alli\u00e9 \u00e0 haute r\u00e9sistance, avec roulement d&rsquo;arbre ext\u00e9rieur, pression de service max de 2500 \u00e0 3000 PS<\/p>\n","protected":false},"featured_media":2310,"template":"","meta":{"_acf_changed":false},"product_brand":[],"product_cat":[218],"product_tag":[],"class_list":{"0":"post-2113","1":"product","2":"type-product","3":"status-publish","4":"has-post-thumbnail","6":"product_cat-accessoires-hydrauliques","8":"first","9":"instock","10":"taxable","11":"shipping-taxable","12":"purchasable","13":"product-type-simple"},"acf":[],"_links":{"self":[{"href":"https:\/\/www.vernonequipments.com\/fr\/wp-json\/wp\/v2\/product\/2113","targetHints":{"allow":["GET"]}}],"collection":[{"href":"https:\/\/www.vernonequipments.com\/fr\/wp-json\/wp\/v2\/product"}],"about":[{"href":"https:\/\/www.vernonequipments.com\/fr\/wp-json\/wp\/v2\/types\/product"}],"wp:featuredmedia":[{"embeddable":true,"href":"https:\/\/www.vernonequipments.com\/fr\/wp-json\/wp\/v2\/media\/2310"}],"wp:attachment":[{"href":"https:\/\/www.vernonequipments.com\/fr\/wp-json\/wp\/v2\/media?parent=2113"}],"wp:term":[{"taxonomy":"product_brand","embeddable":true,"href":"https:\/\/www.vernonequipments.com\/fr\/wp-json\/wp\/v2\/product_brand?post=2113"},{"taxonomy":"product_cat","embeddable":true,"href":"https:\/\/www.vernonequipments.com\/fr\/wp-json\/wp\/v2\/product_cat?post=2113"},{"taxonomy":"product_tag","embeddable":true,"href":"https:\/\/www.vernonequipments.com\/fr\/wp-json\/wp\/v2\/product_tag?post=2113"}],"curies":[{"name":"wp","href":"https:\/\/api.w.org\/{rel}","templated":true}]}}