{"id":2117,"date":"2022-03-07T10:20:13","date_gmt":"2022-03-07T15:20:13","guid":{"rendered":"https:\/\/www.vernonequipments.com\/joliette-pompe-hydraulique-transmission-automatique\/"},"modified":"2022-04-07T11:47:09","modified_gmt":"2022-04-07T15:47:09","slug":"joliette-pompe-hydraulique-transmission-automatique","status":"publish","type":"product","link":"https:\/\/www.vernonequipments.com\/fr\/produit\/joliette-pompe-hydraulique-transmission-automatique\/","title":{"rendered":"Joliette Pompe hydraulique transmission automatique"},"content":{"rendered":"<p>La pompe \u00e0 benne basculante SG102 fait partie de la famille de pompes pour camions hydrauliques commerciales de Parker. S&rsquo;appuyant sur la technologie des pompes C102\/G102 standard de l&rsquo;industrie, la pompe de vidange innovante SG102 offre un cycle de vidange 37 % plus rapide par rapport \u00e0 la G102 standard.<\/p>\n<\/p>\n<p>La pompe est con\u00e7ue pour s&rsquo;adapter l\u00e0 o\u00f9 l&rsquo;espace est limit\u00e9, mais un d\u00e9bit plus important est toujours une n\u00e9cessit\u00e9. La pompe \u00e0 benne basculante SG102 utilise le corps de vanne de la pompe \u00e0 benne basculante de plus grande taille de la s\u00e9rie C, offrant des caract\u00e9ristiques de d\u00e9bit de pompe de vidange importantes pour un temps de cycle de vidange plus rapide, offrant une plus grande efficacit\u00e9 du cycle de travail.<\/p>\n<\/p>\n<p>L&rsquo;industrie des camions \u00e0 benne b\u00e9n\u00e9ficiera de la densit\u00e9 de puissance am\u00e9lior\u00e9e ainsi que de la s\u00e9curit\u00e9 en raison du temps de cycle plus rapide pour le retour du lit avant que l&rsquo;op\u00e9rateur ne quitte le chantier.<\/p>\n","protected":false},"excerpt":{"rendered":"<p>La pompe \u00e0 benne basculante SG102 fait partie de la famille de pompes pour camions hydrauliques commerciales de Parker. S&rsquo;appuyant sur la technologie des pompes C102\/G102 standard de l&rsquo;industrie, la pompe de vidange innovante SG102 offre un cycle de vidange 37 % plus rapide par rapport \u00e0 la G102 standard. La pompe est con\u00e7ue pour [&hellip;]<\/p>\n","protected":false},"featured_media":948,"template":"","meta":{"_acf_changed":false},"product_brand":[],"product_cat":[218],"product_tag":[],"class_list":{"0":"post-2117","1":"product","2":"type-product","3":"status-publish","4":"has-post-thumbnail","6":"product_cat-accessoires-hydrauliques","8":"first","9":"instock","10":"taxable","11":"shipping-taxable","12":"purchasable","13":"product-type-simple"},"acf":[],"_links":{"self":[{"href":"https:\/\/www.vernonequipments.com\/fr\/wp-json\/wp\/v2\/product\/2117","targetHints":{"allow":["GET"]}}],"collection":[{"href":"https:\/\/www.vernonequipments.com\/fr\/wp-json\/wp\/v2\/product"}],"about":[{"href":"https:\/\/www.vernonequipments.com\/fr\/wp-json\/wp\/v2\/types\/product"}],"wp:featuredmedia":[{"embeddable":true,"href":"https:\/\/www.vernonequipments.com\/fr\/wp-json\/wp\/v2\/media\/948"}],"wp:attachment":[{"href":"https:\/\/www.vernonequipments.com\/fr\/wp-json\/wp\/v2\/media?parent=2117"}],"wp:term":[{"taxonomy":"product_brand","embeddable":true,"href":"https:\/\/www.vernonequipments.com\/fr\/wp-json\/wp\/v2\/product_brand?post=2117"},{"taxonomy":"product_cat","embeddable":true,"href":"https:\/\/www.vernonequipments.com\/fr\/wp-json\/wp\/v2\/product_cat?post=2117"},{"taxonomy":"product_tag","embeddable":true,"href":"https:\/\/www.vernonequipments.com\/fr\/wp-json\/wp\/v2\/product_tag?post=2117"}],"curies":[{"name":"wp","href":"https:\/\/api.w.org\/{rel}","templated":true}]}}