{"id":2119,"date":"2022-03-07T10:20:15","date_gmt":"2022-03-07T15:20:15","guid":{"rendered":"https:\/\/www.vernonequipments.com\/joliette-pto-transmission-automatique\/"},"modified":"2022-04-07T11:47:09","modified_gmt":"2022-04-07T15:47:09","slug":"joliette-pto-transmission-automatique","status":"publish","type":"product","link":"https:\/\/www.vernonequipments.com\/fr\/produit\/joliette-pto-transmission-automatique\/","title":{"rendered":"Joliette PTO transmission automatique"},"content":{"rendered":"<p>La s\u00e9rie Chelsea 280 est un PTO \u00e0 changement de vitesse \u00e0 changement hydraulique con\u00e7ue pour les transmissions automatiques avec une ouverture de 10 boulons, couramment trouv\u00e9e sur les transmissions Allison et Caterpiller<\/p>\n","protected":false},"excerpt":{"rendered":"<p>La s\u00e9rie Chelsea 280 est un PTO \u00e0 changement de vitesse \u00e0 changement hydraulique con\u00e7ue pour les transmissions automatiques avec une ouverture de 10 boulons, couramment trouv\u00e9e sur les transmissions Allison et Caterpiller<\/p>\n","protected":false},"featured_media":950,"template":"","meta":{"_acf_changed":false},"product_brand":[],"product_cat":[202],"product_tag":[],"class_list":{"0":"post-2119","1":"product","2":"type-product","3":"status-publish","4":"has-post-thumbnail","6":"product_cat-non-classe","8":"first","9":"instock","10":"taxable","11":"shipping-taxable","12":"purchasable","13":"product-type-simple"},"acf":[],"_links":{"self":[{"href":"https:\/\/www.vernonequipments.com\/fr\/wp-json\/wp\/v2\/product\/2119","targetHints":{"allow":["GET"]}}],"collection":[{"href":"https:\/\/www.vernonequipments.com\/fr\/wp-json\/wp\/v2\/product"}],"about":[{"href":"https:\/\/www.vernonequipments.com\/fr\/wp-json\/wp\/v2\/types\/product"}],"wp:featuredmedia":[{"embeddable":true,"href":"https:\/\/www.vernonequipments.com\/fr\/wp-json\/wp\/v2\/media\/950"}],"wp:attachment":[{"href":"https:\/\/www.vernonequipments.com\/fr\/wp-json\/wp\/v2\/media?parent=2119"}],"wp:term":[{"taxonomy":"product_brand","embeddable":true,"href":"https:\/\/www.vernonequipments.com\/fr\/wp-json\/wp\/v2\/product_brand?post=2119"},{"taxonomy":"product_cat","embeddable":true,"href":"https:\/\/www.vernonequipments.com\/fr\/wp-json\/wp\/v2\/product_cat?post=2119"},{"taxonomy":"product_tag","embeddable":true,"href":"https:\/\/www.vernonequipments.com\/fr\/wp-json\/wp\/v2\/product_tag?post=2119"}],"curies":[{"name":"wp","href":"https:\/\/api.w.org\/{rel}","templated":true}]}}