{"id":2129,"date":"2022-03-07T10:20:26","date_gmt":"2022-03-07T15:20:26","guid":{"rendered":"https:\/\/www.vernonequipments.com\/cleral-dispositif-de-securite-de-bennes-basculantes\/"},"modified":"2022-04-07T11:43:20","modified_gmt":"2022-04-07T15:43:20","slug":"cleral-dispositif-de-securite-de-bennes-basculantes","status":"publish","type":"product","link":"https:\/\/www.vernonequipments.com\/fr\/produit\/cleral-dispositif-de-securite-de-bennes-basculantes\/","title":{"rendered":"Cleral Dispositif de s\u00e9curit\u00e9 de bennes basculantes"},"content":{"rendered":"<p>La Box Alert est un dispositif d&rsquo;alarme qui assiste le conducteur dans l&rsquo;utilisation d&rsquo;une benne basculante et l&rsquo;avertit en temps utile de toute situation dangereuse ou irr\u00e9guli\u00e8re. Le dispositif se compose d&rsquo;un affichage et de capteurs fiables qui surveillent la position de la benne (lev\u00e9 ou abaiss\u00e9), l&rsquo;\u00e9tat des loquets du hayon (verrouill\u00e9 ou d\u00e9verrouill\u00e9) et la position du hayon (ouvert ou ferm\u00e9). Selon la direction et la vitesse du v\u00e9hicule. D\u00e8s qu&rsquo;une anomalie se produit, l&rsquo;alarme visuelle et sonore retentit et le moniteur indique le probl\u00e8me sur l&rsquo;\u00e9cran.<\/p>\n","protected":false},"excerpt":{"rendered":"<p>La Box Alert est un dispositif d&rsquo;alarme qui assiste le conducteur dans l&rsquo;utilisation d&rsquo;une benne basculante et l&rsquo;avertit en temps utile de toute situation dangereuse ou irr\u00e9guli\u00e8re. Le dispositif se compose d&rsquo;un affichage et de capteurs fiables qui surveillent la position de la benne (lev\u00e9 ou abaiss\u00e9), l&rsquo;\u00e9tat des loquets du hayon (verrouill\u00e9 ou d\u00e9verrouill\u00e9) [&hellip;]<\/p>\n","protected":false},"featured_media":2051,"template":"","meta":{"_acf_changed":false},"product_brand":[],"product_cat":[214],"product_tag":[],"class_list":{"0":"post-2129","1":"product","2":"type-product","3":"status-publish","4":"has-post-thumbnail","6":"product_cat-accessoires","8":"first","9":"instock","10":"taxable","11":"shipping-taxable","12":"purchasable","13":"product-type-simple"},"acf":[],"_links":{"self":[{"href":"https:\/\/www.vernonequipments.com\/fr\/wp-json\/wp\/v2\/product\/2129","targetHints":{"allow":["GET"]}}],"collection":[{"href":"https:\/\/www.vernonequipments.com\/fr\/wp-json\/wp\/v2\/product"}],"about":[{"href":"https:\/\/www.vernonequipments.com\/fr\/wp-json\/wp\/v2\/types\/product"}],"wp:featuredmedia":[{"embeddable":true,"href":"https:\/\/www.vernonequipments.com\/fr\/wp-json\/wp\/v2\/media\/2051"}],"wp:attachment":[{"href":"https:\/\/www.vernonequipments.com\/fr\/wp-json\/wp\/v2\/media?parent=2129"}],"wp:term":[{"taxonomy":"product_brand","embeddable":true,"href":"https:\/\/www.vernonequipments.com\/fr\/wp-json\/wp\/v2\/product_brand?post=2129"},{"taxonomy":"product_cat","embeddable":true,"href":"https:\/\/www.vernonequipments.com\/fr\/wp-json\/wp\/v2\/product_cat?post=2129"},{"taxonomy":"product_tag","embeddable":true,"href":"https:\/\/www.vernonequipments.com\/fr\/wp-json\/wp\/v2\/product_tag?post=2129"}],"curies":[{"name":"wp","href":"https:\/\/api.w.org\/{rel}","templated":true}]}}