{"id":2131,"date":"2022-03-07T10:20:29","date_gmt":"2022-03-07T15:20:29","guid":{"rendered":"https:\/\/www.vernonequipments.com\/cleral-balances-embarquees-pour-camion-spif\/"},"modified":"2022-04-07T11:43:19","modified_gmt":"2022-04-07T15:43:19","slug":"cleral-balances-embarquees-pour-camion-spif","status":"publish","type":"product","link":"https:\/\/www.vernonequipments.com\/fr\/produit\/cleral-balances-embarquees-pour-camion-spif\/","title":{"rendered":"Cleral Balances embarqu\u00e9es pour camion (&nbsp;SPIF&nbsp;)"},"content":{"rendered":"<p>La commande SIM pour camion 6X4 ou 8X4 est l&rsquo;outil parfait pour transformer votre suspension auxiliaire ordinaire en une suspension plus qu&rsquo;efficace.Contr\u00f4le optimal de la charge sur les suspensions Tandem et Tridem.Am\u00e9liore la s\u00e9curit\u00e9 de conduite et le freinage.R\u00e9partition des charges, affichage du poids du v\u00e9hicule, essieux automatiques, maniabilit\u00e9 am\u00e9lior\u00e9e, freinage plus efficace, r\u00e9duction de l&rsquo;usure des pneus, maniabilit\u00e9 en terrain difficile, optimisation de la charge, pas de commande manuelle, r\u00e9duction des contraintes, contr\u00f4le jusqu&rsquo;\u00e0 3 essieux auxiliaires<\/p>\n","protected":false},"excerpt":{"rendered":"<p>La commande SIM pour camion 6X4 ou 8X4 est l&rsquo;outil parfait pour transformer votre suspension auxiliaire ordinaire en une suspension plus qu&rsquo;efficace.Contr\u00f4le optimal de la charge sur les suspensions Tandem et Tridem.Am\u00e9liore la s\u00e9curit\u00e9 de conduite et le freinage.R\u00e9partition des charges, affichage du poids du v\u00e9hicule, essieux automatiques, maniabilit\u00e9 am\u00e9lior\u00e9e, freinage plus efficace, r\u00e9duction de [&hellip;]<\/p>\n","protected":false},"featured_media":963,"template":"","meta":{"_acf_changed":false},"product_brand":[],"product_cat":[214],"product_tag":[],"class_list":{"0":"post-2131","1":"product","2":"type-product","3":"status-publish","4":"has-post-thumbnail","6":"product_cat-accessoires","8":"first","9":"instock","10":"taxable","11":"shipping-taxable","12":"purchasable","13":"product-type-simple"},"acf":[],"_links":{"self":[{"href":"https:\/\/www.vernonequipments.com\/fr\/wp-json\/wp\/v2\/product\/2131","targetHints":{"allow":["GET"]}}],"collection":[{"href":"https:\/\/www.vernonequipments.com\/fr\/wp-json\/wp\/v2\/product"}],"about":[{"href":"https:\/\/www.vernonequipments.com\/fr\/wp-json\/wp\/v2\/types\/product"}],"wp:featuredmedia":[{"embeddable":true,"href":"https:\/\/www.vernonequipments.com\/fr\/wp-json\/wp\/v2\/media\/963"}],"wp:attachment":[{"href":"https:\/\/www.vernonequipments.com\/fr\/wp-json\/wp\/v2\/media?parent=2131"}],"wp:term":[{"taxonomy":"product_brand","embeddable":true,"href":"https:\/\/www.vernonequipments.com\/fr\/wp-json\/wp\/v2\/product_brand?post=2131"},{"taxonomy":"product_cat","embeddable":true,"href":"https:\/\/www.vernonequipments.com\/fr\/wp-json\/wp\/v2\/product_cat?post=2131"},{"taxonomy":"product_tag","embeddable":true,"href":"https:\/\/www.vernonequipments.com\/fr\/wp-json\/wp\/v2\/product_tag?post=2131"}],"curies":[{"name":"wp","href":"https:\/\/api.w.org\/{rel}","templated":true}]}}