{"id":2133,"date":"2022-03-07T10:20:31","date_gmt":"2022-03-07T15:20:31","guid":{"rendered":"https:\/\/www.vernonequipments.com\/lanau-boite-chauffante\/"},"modified":"2022-04-07T11:47:10","modified_gmt":"2022-04-07T15:47:10","slug":"lanau-boite-chauffante","status":"publish","type":"product","link":"https:\/\/www.vernonequipments.com\/fr\/produit\/lanau-boite-chauffante\/","title":{"rendered":"Lanau Boite chauffante"},"content":{"rendered":"<p>Ensemble de chauffage 5&Prime; en acier inoxidable (&nbsp;incluant : bo\u00eete \u00e0 chauffage, bo\u00eete ajustable, anneau de r\u00e9duction et plaque interm\u00e9diaire pour bo\u00eete    ajustable&nbsp;)<\/p>\n","protected":false},"excerpt":{"rendered":"<p>Ensemble de chauffage 5&Prime; en acier inoxidable (&nbsp;incluant : bo\u00eete \u00e0 chauffage, bo\u00eete ajustable, anneau de r\u00e9duction et plaque interm\u00e9diaire pour bo\u00eete ajustable&nbsp;)<\/p>\n","protected":false},"featured_media":2053,"template":"","meta":{"_acf_changed":false},"product_brand":[],"product_cat":[214],"product_tag":[],"class_list":{"0":"post-2133","1":"product","2":"type-product","3":"status-publish","4":"has-post-thumbnail","6":"product_cat-accessoires","8":"first","9":"instock","10":"taxable","11":"shipping-taxable","12":"purchasable","13":"product-type-simple"},"acf":[],"_links":{"self":[{"href":"https:\/\/www.vernonequipments.com\/fr\/wp-json\/wp\/v2\/product\/2133","targetHints":{"allow":["GET"]}}],"collection":[{"href":"https:\/\/www.vernonequipments.com\/fr\/wp-json\/wp\/v2\/product"}],"about":[{"href":"https:\/\/www.vernonequipments.com\/fr\/wp-json\/wp\/v2\/types\/product"}],"wp:featuredmedia":[{"embeddable":true,"href":"https:\/\/www.vernonequipments.com\/fr\/wp-json\/wp\/v2\/media\/2053"}],"wp:attachment":[{"href":"https:\/\/www.vernonequipments.com\/fr\/wp-json\/wp\/v2\/media?parent=2133"}],"wp:term":[{"taxonomy":"product_brand","embeddable":true,"href":"https:\/\/www.vernonequipments.com\/fr\/wp-json\/wp\/v2\/product_brand?post=2133"},{"taxonomy":"product_cat","embeddable":true,"href":"https:\/\/www.vernonequipments.com\/fr\/wp-json\/wp\/v2\/product_cat?post=2133"},{"taxonomy":"product_tag","embeddable":true,"href":"https:\/\/www.vernonequipments.com\/fr\/wp-json\/wp\/v2\/product_tag?post=2133"}],"curies":[{"name":"wp","href":"https:\/\/api.w.org\/{rel}","templated":true}]}}