{"id":2145,"date":"2022-03-07T10:20:44","date_gmt":"2022-03-07T15:20:44","guid":{"rendered":"https:\/\/www.vernonequipments.com\/beau-roc-toile-mesh-86-largeur-x-12-longueur\/"},"modified":"2022-04-07T11:43:07","modified_gmt":"2022-04-07T15:43:07","slug":"beau-roc-toile-mesh-86-largeur-x-12-longueur","status":"publish","type":"product","link":"https:\/\/www.vernonequipments.com\/fr\/produit\/beau-roc-toile-mesh-86-largeur-x-12-longueur\/","title":{"rendered":"Beau-Roc Toile mesh 86&Prime; (&nbsp;largeur&nbsp;) X 12&prime; (&nbsp;longueur&nbsp;)"},"content":{"rendered":"<p>Toile en mesh pour remorque \u00e0 benne avec \u0153illets\/b\u00e2che robuste pour camion benne avec rev\u00eatement en vinyle r\u00e9sistant \u00e0 l&rsquo;int\u00e9rieur des poches doubles, toile avec \u0153illets<\/p>\n","protected":false},"excerpt":{"rendered":"<p>Toile en mesh pour remorque \u00e0 benne avec \u0153illets\/b\u00e2che robuste pour camion benne avec rev\u00eatement en vinyle r\u00e9sistant \u00e0 l&rsquo;int\u00e9rieur des poches doubles, toile avec \u0153illets<\/p>\n","protected":false},"featured_media":967,"template":"","meta":{"_acf_changed":false},"product_brand":[],"product_cat":[191],"product_tag":[],"class_list":{"0":"post-2145","1":"product","2":"type-product","3":"status-publish","4":"has-post-thumbnail","6":"product_cat-toiles","8":"first","9":"instock","10":"taxable","11":"shipping-taxable","12":"purchasable","13":"product-type-simple"},"acf":[],"_links":{"self":[{"href":"https:\/\/www.vernonequipments.com\/fr\/wp-json\/wp\/v2\/product\/2145","targetHints":{"allow":["GET"]}}],"collection":[{"href":"https:\/\/www.vernonequipments.com\/fr\/wp-json\/wp\/v2\/product"}],"about":[{"href":"https:\/\/www.vernonequipments.com\/fr\/wp-json\/wp\/v2\/types\/product"}],"wp:featuredmedia":[{"embeddable":true,"href":"https:\/\/www.vernonequipments.com\/fr\/wp-json\/wp\/v2\/media\/967"}],"wp:attachment":[{"href":"https:\/\/www.vernonequipments.com\/fr\/wp-json\/wp\/v2\/media?parent=2145"}],"wp:term":[{"taxonomy":"product_brand","embeddable":true,"href":"https:\/\/www.vernonequipments.com\/fr\/wp-json\/wp\/v2\/product_brand?post=2145"},{"taxonomy":"product_cat","embeddable":true,"href":"https:\/\/www.vernonequipments.com\/fr\/wp-json\/wp\/v2\/product_cat?post=2145"},{"taxonomy":"product_tag","embeddable":true,"href":"https:\/\/www.vernonequipments.com\/fr\/wp-json\/wp\/v2\/product_tag?post=2145"}],"curies":[{"name":"wp","href":"https:\/\/api.w.org\/{rel}","templated":true}]}}