{"id":2165,"date":"2022-03-07T10:21:07","date_gmt":"2022-03-07T15:21:07","guid":{"rendered":"https:\/\/www.vernonequipments.com\/beau-roc-toile-asphalte-86-largeur-x-24-longueur\/"},"modified":"2022-04-07T11:43:00","modified_gmt":"2022-04-07T15:43:00","slug":"beau-roc-toile-asphalte-86-largeur-x-24-longueur","status":"publish","type":"product","link":"https:\/\/www.vernonequipments.com\/fr\/produit\/beau-roc-toile-asphalte-86-largeur-x-24-longueur\/","title":{"rendered":"Beau-Roc Toile asphalte 86&Prime; (&nbsp;largeur&nbsp;) X 24&prime; (&nbsp;longueur&nbsp;)"},"content":{"rendered":"<p>Toile asphalte avec \u0153illets renforc\u00e9s.Renforc\u00e9e de 4 rang\u00e9es de mat\u00e9riaux de sangles de ceinture de s\u00e9curit\u00e9, con\u00e7ue pour les kits de rouleaux de toiles manuels ou \u00e9lectriques.<\/p>\n","protected":false},"excerpt":{"rendered":"<p>Toile asphalte avec \u0153illets renforc\u00e9s.Renforc\u00e9e de 4 rang\u00e9es de mat\u00e9riaux de sangles de ceinture de s\u00e9curit\u00e9, con\u00e7ue pour les kits de rouleaux de toiles manuels ou \u00e9lectriques.<\/p>\n","protected":false},"featured_media":969,"template":"","meta":{"_acf_changed":false},"product_brand":[],"product_cat":[191],"product_tag":[],"class_list":{"0":"post-2165","1":"product","2":"type-product","3":"status-publish","4":"has-post-thumbnail","6":"product_cat-toiles","8":"first","9":"instock","10":"taxable","11":"shipping-taxable","12":"purchasable","13":"product-type-simple"},"acf":[],"_links":{"self":[{"href":"https:\/\/www.vernonequipments.com\/fr\/wp-json\/wp\/v2\/product\/2165","targetHints":{"allow":["GET"]}}],"collection":[{"href":"https:\/\/www.vernonequipments.com\/fr\/wp-json\/wp\/v2\/product"}],"about":[{"href":"https:\/\/www.vernonequipments.com\/fr\/wp-json\/wp\/v2\/types\/product"}],"wp:featuredmedia":[{"embeddable":true,"href":"https:\/\/www.vernonequipments.com\/fr\/wp-json\/wp\/v2\/media\/969"}],"wp:attachment":[{"href":"https:\/\/www.vernonequipments.com\/fr\/wp-json\/wp\/v2\/media?parent=2165"}],"wp:term":[{"taxonomy":"product_brand","embeddable":true,"href":"https:\/\/www.vernonequipments.com\/fr\/wp-json\/wp\/v2\/product_brand?post=2165"},{"taxonomy":"product_cat","embeddable":true,"href":"https:\/\/www.vernonequipments.com\/fr\/wp-json\/wp\/v2\/product_cat?post=2165"},{"taxonomy":"product_tag","embeddable":true,"href":"https:\/\/www.vernonequipments.com\/fr\/wp-json\/wp\/v2\/product_tag?post=2165"}],"curies":[{"name":"wp","href":"https:\/\/api.w.org\/{rel}","templated":true}]}}