{"id":2175,"date":"2022-03-07T10:21:19","date_gmt":"2022-03-07T15:21:19","guid":{"rendered":"https:\/\/www.vernonequipments.com\/lanau-toile-mesh-88-largeur-x-27-longueur\/"},"modified":"2022-04-07T11:47:14","modified_gmt":"2022-04-07T15:47:14","slug":"lanau-toile-mesh-88-largeur-x-27-longueur","status":"publish","type":"product","link":"https:\/\/www.vernonequipments.com\/fr\/produit\/lanau-toile-mesh-88-largeur-x-27-longueur\/","title":{"rendered":"Lanau Toile mesh 88&Prime; (&nbsp;largeur&nbsp;) X 27&prime; (longueur&nbsp;)"},"content":{"rendered":"<p>Recouvrez tous vos mat\u00e9riaux volatils d\u2019une toile de m\u00e8che de premi\u00e8re qualit\u00e9. Une excellente fa\u00e7on de vous donner la paix d\u2019esprit sur la route!<\/p>\n<\/p>\n<p>Gr\u00e2ce \u00e0 ses quatre ceintures de renforcement et ses oeillets en acier inoxydable, la toile de m\u00e8che de TechnoFlex est \u00e0 la fois r\u00e9sistante et stable pour tous les types de camions<\/p>\n","protected":false},"excerpt":{"rendered":"<p>Recouvrez tous vos mat\u00e9riaux volatils d\u2019une toile de m\u00e8che de premi\u00e8re qualit\u00e9. Une excellente fa\u00e7on de vous donner la paix d\u2019esprit sur la route! Gr\u00e2ce \u00e0 ses quatre ceintures de renforcement et ses oeillets en acier inoxydable, la toile de m\u00e8che de TechnoFlex est \u00e0 la fois r\u00e9sistante et stable pour tous les types de [&hellip;]<\/p>\n","protected":false},"featured_media":971,"template":"","meta":{"_acf_changed":false},"product_brand":[],"product_cat":[191],"product_tag":[],"class_list":{"0":"post-2175","1":"product","2":"type-product","3":"status-publish","4":"has-post-thumbnail","6":"product_cat-toiles","8":"first","9":"instock","10":"taxable","11":"shipping-taxable","12":"purchasable","13":"product-type-simple"},"acf":[],"_links":{"self":[{"href":"https:\/\/www.vernonequipments.com\/fr\/wp-json\/wp\/v2\/product\/2175","targetHints":{"allow":["GET"]}}],"collection":[{"href":"https:\/\/www.vernonequipments.com\/fr\/wp-json\/wp\/v2\/product"}],"about":[{"href":"https:\/\/www.vernonequipments.com\/fr\/wp-json\/wp\/v2\/types\/product"}],"wp:featuredmedia":[{"embeddable":true,"href":"https:\/\/www.vernonequipments.com\/fr\/wp-json\/wp\/v2\/media\/971"}],"wp:attachment":[{"href":"https:\/\/www.vernonequipments.com\/fr\/wp-json\/wp\/v2\/media?parent=2175"}],"wp:term":[{"taxonomy":"product_brand","embeddable":true,"href":"https:\/\/www.vernonequipments.com\/fr\/wp-json\/wp\/v2\/product_brand?post=2175"},{"taxonomy":"product_cat","embeddable":true,"href":"https:\/\/www.vernonequipments.com\/fr\/wp-json\/wp\/v2\/product_cat?post=2175"},{"taxonomy":"product_tag","embeddable":true,"href":"https:\/\/www.vernonequipments.com\/fr\/wp-json\/wp\/v2\/product_tag?post=2175"}],"curies":[{"name":"wp","href":"https:\/\/api.w.org\/{rel}","templated":true}]}}