{"id":2177,"date":"2022-03-07T10:21:21","date_gmt":"2022-03-07T15:21:21","guid":{"rendered":"https:\/\/www.vernonequipments.com\/lanau-toile-haute-temperature-asphalte-88-largeur-x-12-longueur\/"},"modified":"2022-04-07T11:47:12","modified_gmt":"2022-04-07T15:47:12","slug":"lanau-toile-haute-temperature-asphalte-88-largeur-x-12-longueur","status":"publish","type":"product","link":"https:\/\/www.vernonequipments.com\/fr\/produit\/lanau-toile-haute-temperature-asphalte-88-largeur-x-12-longueur\/","title":{"rendered":"Lanau Toile haute temp\u00e9rature (&nbsp;Asphalte&nbsp;) 88&Prime; (&nbsp;largeur&nbsp;) X 12&prime; (&nbsp;longueur&nbsp;)"},"content":{"rendered":"<p>Gr\u00e2ce \u00e0 la toile en bitumex, transporter des cargaisons d\u2019asphalte devient \u00e0 la fois simple et s\u00e9curitaire, m\u00eame en pleine canicule. Ses quatre ceintures de renforcement vous assurent aussi une grande stabilit\u00e9, peu importe le camion utilis\u00e9.<\/p>\n<\/p>\n<p>Disponible dans un grand choix de dimensions, la toile en bitumex sait s\u2019adapter \u00e0 tous les voyages. Installez-la avec aisance pour r\u00e9pondre aux plus hauts standards de s\u00e9curit\u00e9 de l\u2019industrie.<\/p>\n","protected":false},"excerpt":{"rendered":"<p>Gr\u00e2ce \u00e0 la toile en bitumex, transporter des cargaisons d\u2019asphalte devient \u00e0 la fois simple et s\u00e9curitaire, m\u00eame en pleine canicule. Ses quatre ceintures de renforcement vous assurent aussi une grande stabilit\u00e9, peu importe le camion utilis\u00e9. Disponible dans un grand choix de dimensions, la toile en bitumex sait s\u2019adapter \u00e0 tous les voyages. Installez-la [&hellip;]<\/p>\n","protected":false},"featured_media":2055,"template":"","meta":{"_acf_changed":false},"product_brand":[],"product_cat":[191],"product_tag":[],"class_list":{"0":"post-2177","1":"product","2":"type-product","3":"status-publish","4":"has-post-thumbnail","6":"product_cat-toiles","8":"first","9":"instock","10":"taxable","11":"shipping-taxable","12":"purchasable","13":"product-type-simple"},"acf":[],"_links":{"self":[{"href":"https:\/\/www.vernonequipments.com\/fr\/wp-json\/wp\/v2\/product\/2177","targetHints":{"allow":["GET"]}}],"collection":[{"href":"https:\/\/www.vernonequipments.com\/fr\/wp-json\/wp\/v2\/product"}],"about":[{"href":"https:\/\/www.vernonequipments.com\/fr\/wp-json\/wp\/v2\/types\/product"}],"wp:featuredmedia":[{"embeddable":true,"href":"https:\/\/www.vernonequipments.com\/fr\/wp-json\/wp\/v2\/media\/2055"}],"wp:attachment":[{"href":"https:\/\/www.vernonequipments.com\/fr\/wp-json\/wp\/v2\/media?parent=2177"}],"wp:term":[{"taxonomy":"product_brand","embeddable":true,"href":"https:\/\/www.vernonequipments.com\/fr\/wp-json\/wp\/v2\/product_brand?post=2177"},{"taxonomy":"product_cat","embeddable":true,"href":"https:\/\/www.vernonequipments.com\/fr\/wp-json\/wp\/v2\/product_cat?post=2177"},{"taxonomy":"product_tag","embeddable":true,"href":"https:\/\/www.vernonequipments.com\/fr\/wp-json\/wp\/v2\/product_tag?post=2177"}],"curies":[{"name":"wp","href":"https:\/\/api.w.org\/{rel}","templated":true}]}}