{"id":2191,"date":"2022-03-07T10:21:37","date_gmt":"2022-03-07T15:21:37","guid":{"rendered":"https:\/\/www.vernonequipments.com\/lanau-ensemble-de-moteur-electrique-pour-systeme-de-toile\/"},"modified":"2022-04-07T11:47:10","modified_gmt":"2022-04-07T15:47:10","slug":"lanau-ensemble-de-moteur-electrique-pour-systeme-de-toile","status":"publish","type":"product","link":"https:\/\/www.vernonequipments.com\/fr\/produit\/lanau-ensemble-de-moteur-electrique-pour-systeme-de-toile\/","title":{"rendered":"Lanau Ensemble de moteur \u00e9lectrique pour syst\u00e8me de toile"},"content":{"rendered":"<p>Ensemble complet moteur \u00e9lectrique comprant : moteur \u00e9lectrique 90:1, 135 rpm, 12VDC, 1300lbs\/pied, disjoncteur 12 V, emsemble relais (&nbsp;fil \u00e9lectrique inclus&nbsp;), relais 100 AMP, int\u00e9rupteur \u00e0 bascule, disjoncteur type ll 50 AMP, terminal 6 gauge 1\/4po, terminal 6 gauge 3\/8po, support en aluminium.<\/p>\n","protected":false},"excerpt":{"rendered":"<p>Ensemble complet moteur \u00e9lectrique comprant : moteur \u00e9lectrique 90:1, 135 rpm, 12VDC, 1300lbs\/pied, disjoncteur 12 V, emsemble relais (&nbsp;fil \u00e9lectrique inclus&nbsp;), relais 100 AMP, int\u00e9rupteur \u00e0 bascule, disjoncteur type ll 50 AMP, terminal 6 gauge 1\/4po, terminal 6 gauge 3\/8po, support en aluminium.<\/p>\n","protected":false},"featured_media":2069,"template":"","meta":{"_acf_changed":false},"product_brand":[],"product_cat":[217],"product_tag":[],"class_list":{"0":"post-2191","1":"product","2":"type-product","3":"status-publish","4":"has-post-thumbnail","6":"product_cat-accessoires-de-toiles","8":"first","9":"instock","10":"taxable","11":"shipping-taxable","12":"purchasable","13":"product-type-simple"},"acf":[],"_links":{"self":[{"href":"https:\/\/www.vernonequipments.com\/fr\/wp-json\/wp\/v2\/product\/2191","targetHints":{"allow":["GET"]}}],"collection":[{"href":"https:\/\/www.vernonequipments.com\/fr\/wp-json\/wp\/v2\/product"}],"about":[{"href":"https:\/\/www.vernonequipments.com\/fr\/wp-json\/wp\/v2\/types\/product"}],"wp:featuredmedia":[{"embeddable":true,"href":"https:\/\/www.vernonequipments.com\/fr\/wp-json\/wp\/v2\/media\/2069"}],"wp:attachment":[{"href":"https:\/\/www.vernonequipments.com\/fr\/wp-json\/wp\/v2\/media?parent=2191"}],"wp:term":[{"taxonomy":"product_brand","embeddable":true,"href":"https:\/\/www.vernonequipments.com\/fr\/wp-json\/wp\/v2\/product_brand?post=2191"},{"taxonomy":"product_cat","embeddable":true,"href":"https:\/\/www.vernonequipments.com\/fr\/wp-json\/wp\/v2\/product_cat?post=2191"},{"taxonomy":"product_tag","embeddable":true,"href":"https:\/\/www.vernonequipments.com\/fr\/wp-json\/wp\/v2\/product_tag?post=2191"}],"curies":[{"name":"wp","href":"https:\/\/api.w.org\/{rel}","templated":true}]}}