{"id":2195,"date":"2022-03-07T10:21:42","date_gmt":"2022-03-07T15:21:42","guid":{"rendered":"https:\/\/www.vernonequipments.com\/beau-roc-ensemble-de-moteur-electrique-pour-systeme-de-toile\/"},"modified":"2022-04-07T11:42:47","modified_gmt":"2022-04-07T15:42:47","slug":"beau-roc-ensemble-de-moteur-electrique-pour-systeme-de-toile","status":"publish","type":"product","link":"https:\/\/www.vernonequipments.com\/fr\/produit\/beau-roc-ensemble-de-moteur-electrique-pour-systeme-de-toile\/","title":{"rendered":"Beau-Roc Ensemble de moteur \u00e9lectrique pour syst\u00e8me de toile"},"content":{"rendered":"<p>Moteur \u00e9lectrique, 12V DC, arbre de sortie 3\/4&Prime;, force de levage de 504 lb, couple de fonctionnement de 40 NM, couvercle de moteur, interrupteur de kit \u00e9lectrique, support de montage de moteur \u00e9lectrique.<\/p>\n","protected":false},"excerpt":{"rendered":"<p>Moteur \u00e9lectrique, 12V DC, arbre de sortie 3\/4&Prime;, force de levage de 504 lb, couple de fonctionnement de 40 NM, couvercle de moteur, interrupteur de kit \u00e9lectrique, support de montage de moteur \u00e9lectrique.<\/p>\n","protected":false},"featured_media":2073,"template":"","meta":{"_acf_changed":false},"product_brand":[],"product_cat":[217],"product_tag":[],"class_list":{"0":"post-2195","1":"product","2":"type-product","3":"status-publish","4":"has-post-thumbnail","6":"product_cat-accessoires-de-toiles","8":"first","9":"instock","10":"taxable","11":"shipping-taxable","12":"purchasable","13":"product-type-simple"},"acf":[],"_links":{"self":[{"href":"https:\/\/www.vernonequipments.com\/fr\/wp-json\/wp\/v2\/product\/2195","targetHints":{"allow":["GET"]}}],"collection":[{"href":"https:\/\/www.vernonequipments.com\/fr\/wp-json\/wp\/v2\/product"}],"about":[{"href":"https:\/\/www.vernonequipments.com\/fr\/wp-json\/wp\/v2\/types\/product"}],"wp:featuredmedia":[{"embeddable":true,"href":"https:\/\/www.vernonequipments.com\/fr\/wp-json\/wp\/v2\/media\/2073"}],"wp:attachment":[{"href":"https:\/\/www.vernonequipments.com\/fr\/wp-json\/wp\/v2\/media?parent=2195"}],"wp:term":[{"taxonomy":"product_brand","embeddable":true,"href":"https:\/\/www.vernonequipments.com\/fr\/wp-json\/wp\/v2\/product_brand?post=2195"},{"taxonomy":"product_cat","embeddable":true,"href":"https:\/\/www.vernonequipments.com\/fr\/wp-json\/wp\/v2\/product_cat?post=2195"},{"taxonomy":"product_tag","embeddable":true,"href":"https:\/\/www.vernonequipments.com\/fr\/wp-json\/wp\/v2\/product_tag?post=2195"}],"curies":[{"name":"wp","href":"https:\/\/api.w.org\/{rel}","templated":true}]}}