{"id":2199,"date":"2022-03-07T10:21:47","date_gmt":"2022-03-07T15:21:47","guid":{"rendered":"https:\/\/www.vernonequipments.com\/beau-roc-ensemble-aero-pour-systeme-de-toile-electrique\/"},"modified":"2022-04-07T11:42:46","modified_gmt":"2022-04-07T15:42:46","slug":"beau-roc-ensemble-aero-pour-systeme-de-toile-electrique","status":"publish","type":"product","link":"https:\/\/www.vernonequipments.com\/fr\/produit\/beau-roc-ensemble-aero-pour-systeme-de-toile-electrique\/","title":{"rendered":"Beau-Roc Ensemble AERO pour systeme de toile \u00e9lectrique"},"content":{"rendered":"<p>Dot\u00e9 des ressorts les plus puissants de l&rsquo;industrie et de bras solides et durables, le syst\u00e8me de b\u00e2che Easy Cover est le syst\u00e8me avant-arri\u00e8re le plus rentable et le plus facile \u00e0 utiliser pour les applications de d\u00e9charge. Disponible en \u00e9lectrique et manuel.<\/p>\n","protected":false},"excerpt":{"rendered":"<p>Dot\u00e9 des ressorts les plus puissants de l&rsquo;industrie et de bras solides et durables, le syst\u00e8me de b\u00e2che Easy Cover est le syst\u00e8me avant-arri\u00e8re le plus rentable et le plus facile \u00e0 utiliser pour les applications de d\u00e9charge. Disponible en \u00e9lectrique et manuel.<\/p>\n","protected":false},"featured_media":2077,"template":"","meta":{"_acf_changed":false},"product_brand":[],"product_cat":[217],"product_tag":[],"class_list":{"0":"post-2199","1":"product","2":"type-product","3":"status-publish","4":"has-post-thumbnail","6":"product_cat-accessoires-de-toiles","8":"first","9":"instock","10":"taxable","11":"shipping-taxable","12":"purchasable","13":"product-type-simple"},"acf":[],"_links":{"self":[{"href":"https:\/\/www.vernonequipments.com\/fr\/wp-json\/wp\/v2\/product\/2199","targetHints":{"allow":["GET"]}}],"collection":[{"href":"https:\/\/www.vernonequipments.com\/fr\/wp-json\/wp\/v2\/product"}],"about":[{"href":"https:\/\/www.vernonequipments.com\/fr\/wp-json\/wp\/v2\/types\/product"}],"wp:featuredmedia":[{"embeddable":true,"href":"https:\/\/www.vernonequipments.com\/fr\/wp-json\/wp\/v2\/media\/2077"}],"wp:attachment":[{"href":"https:\/\/www.vernonequipments.com\/fr\/wp-json\/wp\/v2\/media?parent=2199"}],"wp:term":[{"taxonomy":"product_brand","embeddable":true,"href":"https:\/\/www.vernonequipments.com\/fr\/wp-json\/wp\/v2\/product_brand?post=2199"},{"taxonomy":"product_cat","embeddable":true,"href":"https:\/\/www.vernonequipments.com\/fr\/wp-json\/wp\/v2\/product_cat?post=2199"},{"taxonomy":"product_tag","embeddable":true,"href":"https:\/\/www.vernonequipments.com\/fr\/wp-json\/wp\/v2\/product_tag?post=2199"}],"curies":[{"name":"wp","href":"https:\/\/api.w.org\/{rel}","templated":true}]}}