{"id":2730,"date":"2022-04-05T15:30:37","date_gmt":"2022-04-05T19:30:37","guid":{"rendered":"https:\/\/www.vernonequipments.com\/coffre-outils-et-supports\/"},"modified":"2022-04-07T11:43:21","modified_gmt":"2022-04-07T15:43:21","slug":"coffre-outils-et-supports","status":"publish","type":"product","link":"https:\/\/www.vernonequipments.com\/fr\/produit\/coffre-outils-et-supports\/","title":{"rendered":"Coffre outils et supports"},"content":{"rendered":"<p>Supports de montage en acier pour dessous de caisse : ces supports de montage pour bo\u00eete \u00e0 outils de camion sont con\u00e7us pour monter toutes les bo\u00eetes en acier ou en acier inoxydable. Dimensions: 18&Prime;x18&Prime;x3&Prime;. Bonne qualit\u00e9 : cette bo\u00eete \u00e0 outils en aluminium est caract\u00e9ris\u00e9e par une haute intensit\u00e9 et une r\u00e9sistance \u00e0 la corrosion ; r\u00e9sistant aux intemp\u00e9ries \u2013 le couvercle \u00e0 rodage emp\u00eache toute fuite ind\u00e9sirable. Dimensions : L 24&Prime; X l 17&Prime; X H 18&Prime;<\/p>\n","protected":false},"excerpt":{"rendered":"<p>Supports de montage en acier pour dessous de caisse : ces supports de montage pour bo\u00eete \u00e0 outils de camion sont con\u00e7us pour monter toutes les bo\u00eetes en acier ou en acier inoxydable. Dimensions: 18&Prime;x18&Prime;x3&Prime;. Bonne qualit\u00e9 : cette bo\u00eete \u00e0 outils en aluminium est caract\u00e9ris\u00e9e par une haute intensit\u00e9 et une r\u00e9sistance \u00e0 la [&hellip;]<\/p>\n","protected":false},"featured_media":2640,"template":"","meta":{"_acf_changed":false},"product_brand":[],"product_cat":[214],"product_tag":[],"class_list":{"0":"post-2730","1":"product","2":"type-product","3":"status-publish","4":"has-post-thumbnail","6":"product_cat-accessoires","8":"first","9":"instock","10":"taxable","11":"shipping-taxable","12":"purchasable","13":"product-type-simple"},"acf":[],"_links":{"self":[{"href":"https:\/\/www.vernonequipments.com\/fr\/wp-json\/wp\/v2\/product\/2730","targetHints":{"allow":["GET"]}}],"collection":[{"href":"https:\/\/www.vernonequipments.com\/fr\/wp-json\/wp\/v2\/product"}],"about":[{"href":"https:\/\/www.vernonequipments.com\/fr\/wp-json\/wp\/v2\/types\/product"}],"wp:featuredmedia":[{"embeddable":true,"href":"https:\/\/www.vernonequipments.com\/fr\/wp-json\/wp\/v2\/media\/2640"}],"wp:attachment":[{"href":"https:\/\/www.vernonequipments.com\/fr\/wp-json\/wp\/v2\/media?parent=2730"}],"wp:term":[{"taxonomy":"product_brand","embeddable":true,"href":"https:\/\/www.vernonequipments.com\/fr\/wp-json\/wp\/v2\/product_brand?post=2730"},{"taxonomy":"product_cat","embeddable":true,"href":"https:\/\/www.vernonequipments.com\/fr\/wp-json\/wp\/v2\/product_cat?post=2730"},{"taxonomy":"product_tag","embeddable":true,"href":"https:\/\/www.vernonequipments.com\/fr\/wp-json\/wp\/v2\/product_tag?post=2730"}],"curies":[{"name":"wp","href":"https:\/\/api.w.org\/{rel}","templated":true}]}}