{"id":2734,"date":"2022-04-05T15:30:38","date_gmt":"2022-04-05T19:30:38","guid":{"rendered":"https:\/\/www.vernonequipments.com\/lumiere-de-projecteur-del-blanc\/"},"modified":"2022-04-07T11:47:14","modified_gmt":"2022-04-07T15:47:14","slug":"lumiere-de-projecteur-del-blanc","status":"publish","type":"product","link":"https:\/\/www.vernonequipments.com\/fr\/produit\/lumiere-de-projecteur-del-blanc\/","title":{"rendered":"Lumi\u00e8re de projecteur DEL blanc"},"content":{"rendered":"<p>Technologie \u00e0 diodes \u00e9lectroluminescentes, faible consommation, sortie puissante, visserie de montage incluse. 12V-36V<\/p>\n","protected":false},"excerpt":{"rendered":"<p>Technologie \u00e0 diodes \u00e9lectroluminescentes, faible consommation, sortie puissante, visserie de montage incluse. 12V-36V<\/p>\n","protected":false},"featured_media":2668,"template":"","meta":{"_acf_changed":false},"product_brand":[],"product_cat":[210],"product_tag":[],"class_list":{"0":"post-2734","1":"product","2":"type-product","3":"status-publish","4":"has-post-thumbnail","6":"product_cat-lumieres","8":"first","9":"instock","10":"taxable","11":"shipping-taxable","12":"purchasable","13":"product-type-simple"},"acf":[],"_links":{"self":[{"href":"https:\/\/www.vernonequipments.com\/fr\/wp-json\/wp\/v2\/product\/2734","targetHints":{"allow":["GET"]}}],"collection":[{"href":"https:\/\/www.vernonequipments.com\/fr\/wp-json\/wp\/v2\/product"}],"about":[{"href":"https:\/\/www.vernonequipments.com\/fr\/wp-json\/wp\/v2\/types\/product"}],"wp:featuredmedia":[{"embeddable":true,"href":"https:\/\/www.vernonequipments.com\/fr\/wp-json\/wp\/v2\/media\/2668"}],"wp:attachment":[{"href":"https:\/\/www.vernonequipments.com\/fr\/wp-json\/wp\/v2\/media?parent=2734"}],"wp:term":[{"taxonomy":"product_brand","embeddable":true,"href":"https:\/\/www.vernonequipments.com\/fr\/wp-json\/wp\/v2\/product_brand?post=2734"},{"taxonomy":"product_cat","embeddable":true,"href":"https:\/\/www.vernonequipments.com\/fr\/wp-json\/wp\/v2\/product_cat?post=2734"},{"taxonomy":"product_tag","embeddable":true,"href":"https:\/\/www.vernonequipments.com\/fr\/wp-json\/wp\/v2\/product_tag?post=2734"}],"curies":[{"name":"wp","href":"https:\/\/api.w.org\/{rel}","templated":true}]}}