{"id":2741,"date":"2022-04-05T15:30:38","date_gmt":"2022-04-05T19:30:38","guid":{"rendered":"https:\/\/www.vernonequipments.com\/attache-pour-tuyau-dechappement-5\/"},"modified":"2022-04-07T11:42:41","modified_gmt":"2022-04-07T15:42:41","slug":"attache-pour-tuyau-dechappement-5","status":"publish","type":"product","link":"https:\/\/www.vernonequipments.com\/fr\/produit\/attache-pour-tuyau-dechappement-5\/","title":{"rendered":"Attache pour tuyau d&rsquo;\u00e9chappement 5&Prime;"},"content":{"rendered":"<p>Attache pour tuyau d&rsquo;\u00e9chappement 5&Prime;, caract\u00e9ristique d&rsquo;\u00e9tanch\u00e9it\u00e9 sup\u00e9rieure pour r\u00e9duire les fuites, des bandes d&rsquo;acier sup\u00e9rieure renforc\u00e9s par des boulons de grade 8, fabrication r\u00e9sistante \u00e0 la corrosion<\/p>\n","protected":false},"excerpt":{"rendered":"<p>Attache pour tuyau d&rsquo;\u00e9chappement 5&Prime;, caract\u00e9ristique d&rsquo;\u00e9tanch\u00e9it\u00e9 sup\u00e9rieure pour r\u00e9duire les fuites, des bandes d&rsquo;acier sup\u00e9rieure renforc\u00e9s par des boulons de grade 8, fabrication r\u00e9sistante \u00e0 la corrosion<\/p>\n","protected":false},"featured_media":2672,"template":"","meta":{"_acf_changed":false},"product_brand":[],"product_cat":[214],"product_tag":[],"class_list":{"0":"post-2741","1":"product","2":"type-product","3":"status-publish","4":"has-post-thumbnail","6":"product_cat-accessoires","8":"first","9":"instock","10":"taxable","11":"shipping-taxable","12":"purchasable","13":"product-type-simple"},"acf":[],"_links":{"self":[{"href":"https:\/\/www.vernonequipments.com\/fr\/wp-json\/wp\/v2\/product\/2741","targetHints":{"allow":["GET"]}}],"collection":[{"href":"https:\/\/www.vernonequipments.com\/fr\/wp-json\/wp\/v2\/product"}],"about":[{"href":"https:\/\/www.vernonequipments.com\/fr\/wp-json\/wp\/v2\/types\/product"}],"wp:featuredmedia":[{"embeddable":true,"href":"https:\/\/www.vernonequipments.com\/fr\/wp-json\/wp\/v2\/media\/2672"}],"wp:attachment":[{"href":"https:\/\/www.vernonequipments.com\/fr\/wp-json\/wp\/v2\/media?parent=2741"}],"wp:term":[{"taxonomy":"product_brand","embeddable":true,"href":"https:\/\/www.vernonequipments.com\/fr\/wp-json\/wp\/v2\/product_brand?post=2741"},{"taxonomy":"product_cat","embeddable":true,"href":"https:\/\/www.vernonequipments.com\/fr\/wp-json\/wp\/v2\/product_cat?post=2741"},{"taxonomy":"product_tag","embeddable":true,"href":"https:\/\/www.vernonequipments.com\/fr\/wp-json\/wp\/v2\/product_tag?post=2741"}],"curies":[{"name":"wp","href":"https:\/\/api.w.org\/{rel}","templated":true}]}}