{"id":2743,"date":"2022-04-05T15:30:39","date_gmt":"2022-04-05T19:30:39","guid":{"rendered":"https:\/\/www.vernonequipments.com\/lumiere-del-stoboscope-jaune\/"},"modified":"2022-04-07T12:04:15","modified_gmt":"2022-04-07T16:04:15","slug":"lumiere-del-stroboscope-jaune","status":"publish","type":"product","link":"https:\/\/www.vernonequipments.com\/fr\/produit\/lumiere-del-stroboscope-jaune\/","title":{"rendered":"Lumi\u00e8re DEL stroboscope jaune"},"content":{"rendered":"<p>Lumi\u00e8re DEL stroboscope jaune ovale (&nbsp;Cable de connexion pour lumi\u00e8re \u00e0 connexion m\u00e2le NON INCLUS&nbsp;)<\/p>\n","protected":false},"excerpt":{"rendered":"<p>Lumi\u00e8re DEL stroboscope jaune ovale (&nbsp;Cable de connexion pour lumi\u00e8re \u00e0 connexion m\u00e2le NON INCLUS&nbsp;)<\/p>\n","protected":false},"featured_media":2674,"template":"","meta":{"_acf_changed":false},"product_brand":[],"product_cat":[210],"product_tag":[],"class_list":{"0":"post-2743","1":"product","2":"type-product","3":"status-publish","4":"has-post-thumbnail","6":"product_cat-lumieres","8":"first","9":"instock","10":"taxable","11":"shipping-taxable","12":"purchasable","13":"product-type-simple"},"acf":[],"_links":{"self":[{"href":"https:\/\/www.vernonequipments.com\/fr\/wp-json\/wp\/v2\/product\/2743","targetHints":{"allow":["GET"]}}],"collection":[{"href":"https:\/\/www.vernonequipments.com\/fr\/wp-json\/wp\/v2\/product"}],"about":[{"href":"https:\/\/www.vernonequipments.com\/fr\/wp-json\/wp\/v2\/types\/product"}],"wp:featuredmedia":[{"embeddable":true,"href":"https:\/\/www.vernonequipments.com\/fr\/wp-json\/wp\/v2\/media\/2674"}],"wp:attachment":[{"href":"https:\/\/www.vernonequipments.com\/fr\/wp-json\/wp\/v2\/media?parent=2743"}],"wp:term":[{"taxonomy":"product_brand","embeddable":true,"href":"https:\/\/www.vernonequipments.com\/fr\/wp-json\/wp\/v2\/product_brand?post=2743"},{"taxonomy":"product_cat","embeddable":true,"href":"https:\/\/www.vernonequipments.com\/fr\/wp-json\/wp\/v2\/product_cat?post=2743"},{"taxonomy":"product_tag","embeddable":true,"href":"https:\/\/www.vernonequipments.com\/fr\/wp-json\/wp\/v2\/product_tag?post=2743"}],"curies":[{"name":"wp","href":"https:\/\/api.w.org\/{rel}","templated":true}]}}