{"id":2765,"date":"2022-04-05T15:30:50","date_gmt":"2022-04-05T19:30:50","guid":{"rendered":"https:\/\/www.vernonequipments.com\/lumiere-del-ronde-rouge-2\/"},"modified":"2022-04-07T11:47:16","modified_gmt":"2022-04-07T15:47:16","slug":"lumiere-del-ronde-rouge-2","status":"publish","type":"product","link":"https:\/\/www.vernonequipments.com\/fr\/produit\/lumiere-del-ronde-rouge-2\/","title":{"rendered":"Lumi\u00e8re DEL ronde rouge 2&Prime;"},"content":{"rendered":"<p>Lumi\u00e8re DEL ronde rouge 2&Prime; (&nbsp;Cable de connexion \u00e0 2 tiges NON INCLUS&nbsp;)<\/p>\n","protected":false},"excerpt":{"rendered":"<p>Lumi\u00e8re DEL ronde rouge 2&Prime; (&nbsp;Cable de connexion \u00e0 2 tiges NON INCLUS&nbsp;)<\/p>\n","protected":false},"featured_media":2696,"template":"","meta":{"_acf_changed":false},"product_brand":[],"product_cat":[210],"product_tag":[],"class_list":{"0":"post-2765","1":"product","2":"type-product","3":"status-publish","4":"has-post-thumbnail","6":"product_cat-lumieres","8":"first","9":"instock","10":"taxable","11":"shipping-taxable","12":"purchasable","13":"product-type-simple"},"acf":[],"_links":{"self":[{"href":"https:\/\/www.vernonequipments.com\/fr\/wp-json\/wp\/v2\/product\/2765","targetHints":{"allow":["GET"]}}],"collection":[{"href":"https:\/\/www.vernonequipments.com\/fr\/wp-json\/wp\/v2\/product"}],"about":[{"href":"https:\/\/www.vernonequipments.com\/fr\/wp-json\/wp\/v2\/types\/product"}],"wp:featuredmedia":[{"embeddable":true,"href":"https:\/\/www.vernonequipments.com\/fr\/wp-json\/wp\/v2\/media\/2696"}],"wp:attachment":[{"href":"https:\/\/www.vernonequipments.com\/fr\/wp-json\/wp\/v2\/media?parent=2765"}],"wp:term":[{"taxonomy":"product_brand","embeddable":true,"href":"https:\/\/www.vernonequipments.com\/fr\/wp-json\/wp\/v2\/product_brand?post=2765"},{"taxonomy":"product_cat","embeddable":true,"href":"https:\/\/www.vernonequipments.com\/fr\/wp-json\/wp\/v2\/product_cat?post=2765"},{"taxonomy":"product_tag","embeddable":true,"href":"https:\/\/www.vernonequipments.com\/fr\/wp-json\/wp\/v2\/product_tag?post=2765"}],"curies":[{"name":"wp","href":"https:\/\/api.w.org\/{rel}","templated":true}]}}