{"id":2787,"date":"2022-04-05T15:31:11","date_gmt":"2022-04-05T19:31:11","guid":{"rendered":"https:\/\/www.vernonequipments.com\/cable-de-connexion-a-3-tiges\/"},"modified":"2022-04-07T11:43:15","modified_gmt":"2022-04-07T15:43:15","slug":"cable-de-connexion-a-3-tiges","status":"publish","type":"product","link":"https:\/\/www.vernonequipments.com\/fr\/produit\/cable-de-connexion-a-3-tiges\/","title":{"rendered":"Cable de connexion \u00e0 3 tiges"},"content":{"rendered":"<p>Pour feu de freinage\/arri\u00e8re \u00e0 3 tiges, 3 broches \u00e0 angle droit<\/p>\n","protected":false},"excerpt":{"rendered":"<p>Pour feu de freinage\/arri\u00e8re \u00e0 3 tiges, 3 broches \u00e0 angle droit<\/p>\n","protected":false},"featured_media":2718,"template":"","meta":{"_acf_changed":false},"product_brand":[],"product_cat":[210],"product_tag":[],"class_list":{"0":"post-2787","1":"product","2":"type-product","3":"status-publish","4":"has-post-thumbnail","6":"product_cat-lumieres","8":"first","9":"instock","10":"taxable","11":"shipping-taxable","12":"purchasable","13":"product-type-simple"},"acf":[],"_links":{"self":[{"href":"https:\/\/www.vernonequipments.com\/fr\/wp-json\/wp\/v2\/product\/2787","targetHints":{"allow":["GET"]}}],"collection":[{"href":"https:\/\/www.vernonequipments.com\/fr\/wp-json\/wp\/v2\/product"}],"about":[{"href":"https:\/\/www.vernonequipments.com\/fr\/wp-json\/wp\/v2\/types\/product"}],"wp:featuredmedia":[{"embeddable":true,"href":"https:\/\/www.vernonequipments.com\/fr\/wp-json\/wp\/v2\/media\/2718"}],"wp:attachment":[{"href":"https:\/\/www.vernonequipments.com\/fr\/wp-json\/wp\/v2\/media?parent=2787"}],"wp:term":[{"taxonomy":"product_brand","embeddable":true,"href":"https:\/\/www.vernonequipments.com\/fr\/wp-json\/wp\/v2\/product_brand?post=2787"},{"taxonomy":"product_cat","embeddable":true,"href":"https:\/\/www.vernonequipments.com\/fr\/wp-json\/wp\/v2\/product_cat?post=2787"},{"taxonomy":"product_tag","embeddable":true,"href":"https:\/\/www.vernonequipments.com\/fr\/wp-json\/wp\/v2\/product_tag?post=2787"}],"curies":[{"name":"wp","href":"https:\/\/api.w.org\/{rel}","templated":true}]}}