{"id":2789,"date":"2022-04-05T15:31:12","date_gmt":"2022-04-05T19:31:12","guid":{"rendered":"https:\/\/www.vernonequipments.com\/cable-de-connexion-freinage-signal-arriere\/"},"modified":"2022-04-11T14:46:35","modified_gmt":"2022-04-11T18:46:35","slug":"cable-de-connexion-freinage-signal-arriere","status":"publish","type":"product","link":"https:\/\/www.vernonequipments.com\/fr\/produit\/cable-de-connexion-freinage-signal-arriere\/","title":{"rendered":"Cable de connexion freinage\/signal\/arri\u00e8re"},"content":{"rendered":"<p>Connexion Freinage\/signal\/arri\u00e8re, fil GPT de calibre 16, Fit &lsquo;N Forget S.S., extr\u00e9mit\u00e9 d\u00e9nud\u00e9e\/borne annulaire, 8 po<\/p>\n","protected":false},"excerpt":{"rendered":"<p>Connexion Freinage\/signal\/arri\u00e8re, fil GPT de calibre 16, Fit &lsquo;N Forget S.S., extr\u00e9mit\u00e9 d\u00e9nud\u00e9e\/borne annulaire, 8 po<\/p>\n","protected":false},"featured_media":2720,"template":"","meta":{"_acf_changed":false},"product_brand":[],"product_cat":[210],"product_tag":[],"class_list":{"0":"post-2789","1":"product","2":"type-product","3":"status-publish","4":"has-post-thumbnail","6":"product_cat-lumieres","8":"first","9":"instock","10":"taxable","11":"shipping-taxable","12":"purchasable","13":"product-type-simple"},"acf":[],"_links":{"self":[{"href":"https:\/\/www.vernonequipments.com\/fr\/wp-json\/wp\/v2\/product\/2789","targetHints":{"allow":["GET"]}}],"collection":[{"href":"https:\/\/www.vernonequipments.com\/fr\/wp-json\/wp\/v2\/product"}],"about":[{"href":"https:\/\/www.vernonequipments.com\/fr\/wp-json\/wp\/v2\/types\/product"}],"wp:featuredmedia":[{"embeddable":true,"href":"https:\/\/www.vernonequipments.com\/fr\/wp-json\/wp\/v2\/media\/2720"}],"wp:attachment":[{"href":"https:\/\/www.vernonequipments.com\/fr\/wp-json\/wp\/v2\/media?parent=2789"}],"wp:term":[{"taxonomy":"product_brand","embeddable":true,"href":"https:\/\/www.vernonequipments.com\/fr\/wp-json\/wp\/v2\/product_brand?post=2789"},{"taxonomy":"product_cat","embeddable":true,"href":"https:\/\/www.vernonequipments.com\/fr\/wp-json\/wp\/v2\/product_cat?post=2789"},{"taxonomy":"product_tag","embeddable":true,"href":"https:\/\/www.vernonequipments.com\/fr\/wp-json\/wp\/v2\/product_tag?post=2789"}],"curies":[{"name":"wp","href":"https:\/\/api.w.org\/{rel}","templated":true}]}}