{"id":2793,"date":"2022-04-05T15:31:12","date_gmt":"2022-04-05T19:31:12","guid":{"rendered":"https:\/\/www.vernonequipments.com\/cable-de-connexion-a-2-tiges\/"},"modified":"2022-04-07T11:43:14","modified_gmt":"2022-04-07T15:43:14","slug":"cable-de-connexion-a-2-tiges","status":"publish","type":"product","link":"https:\/\/www.vernonequipments.com\/fr\/produit\/cable-de-connexion-a-2-tiges\/","title":{"rendered":"Cable de connexion \u00e0 2 tiges"},"content":{"rendered":"<p>Lumi\u00e8re de position \u00e0 2 tiges<\/p>\n","protected":false},"excerpt":{"rendered":"<p>Lumi\u00e8re de position \u00e0 2 tiges<\/p>\n","protected":false},"featured_media":2724,"template":"","meta":{"_acf_changed":false},"product_brand":[],"product_cat":[210],"product_tag":[],"class_list":{"0":"post-2793","1":"product","2":"type-product","3":"status-publish","4":"has-post-thumbnail","6":"product_cat-lumieres","8":"first","9":"instock","10":"taxable","11":"shipping-taxable","12":"purchasable","13":"product-type-simple"},"acf":[],"_links":{"self":[{"href":"https:\/\/www.vernonequipments.com\/fr\/wp-json\/wp\/v2\/product\/2793","targetHints":{"allow":["GET"]}}],"collection":[{"href":"https:\/\/www.vernonequipments.com\/fr\/wp-json\/wp\/v2\/product"}],"about":[{"href":"https:\/\/www.vernonequipments.com\/fr\/wp-json\/wp\/v2\/types\/product"}],"wp:featuredmedia":[{"embeddable":true,"href":"https:\/\/www.vernonequipments.com\/fr\/wp-json\/wp\/v2\/media\/2724"}],"wp:attachment":[{"href":"https:\/\/www.vernonequipments.com\/fr\/wp-json\/wp\/v2\/media?parent=2793"}],"wp:term":[{"taxonomy":"product_brand","embeddable":true,"href":"https:\/\/www.vernonequipments.com\/fr\/wp-json\/wp\/v2\/product_brand?post=2793"},{"taxonomy":"product_cat","embeddable":true,"href":"https:\/\/www.vernonequipments.com\/fr\/wp-json\/wp\/v2\/product_cat?post=2793"},{"taxonomy":"product_tag","embeddable":true,"href":"https:\/\/www.vernonequipments.com\/fr\/wp-json\/wp\/v2\/product_tag?post=2793"}],"curies":[{"name":"wp","href":"https:\/\/api.w.org\/{rel}","templated":true}]}}